{"id":1300,"date":"2011-11-20T20:58:44","date_gmt":"2011-11-20T19:58:44","guid":{"rendered":"http:\/\/www.ajpc-chaumont.fr\/?page_id=1300"},"modified":"2012-12-02T18:08:20","modified_gmt":"2012-12-02T17:08:20","slug":"lajpc-soutient-la-course-du-coeur","status":"publish","type":"page","link":"http:\/\/www.ajpc-chaumont.fr\/?page_id=1300","title":{"rendered":"L&#8217;AJPC soutient la course du coeur"},"content":{"rendered":"<p>Des coureurs de l&#8217;AJPC ont accueilli et accompagn\u00e9 sur quelques kilom\u00e8tres des coureurs venant de Sens et se rendant \u00e0 Strasbourg au profit de la mucovoscidose.<\/p>\n<p style=\"text-align: center;\"><a href=\"http:\/\/www.ajpc-chaumont.fr\/wp-content\/uploads\/2011\/11\/Course-du-coeur.jpg\" target=\"_blank\"><img loading=\"lazy\" decoding=\"async\" class=\"aligncenter size-large wp-image-1301\" title=\"Course du coeur\" src=\"http:\/\/www.ajpc-chaumont.fr\/wp-content\/themes\/grey-opaque\/plugins\/lazy-load\/images\/1x1.trans.gif\" data-lazy-src=\"http:\/\/www.ajpc-chaumont.fr\/wp-content\/uploads\/2011\/11\/Course-du-coeur-1024x536.jpg\" alt=\"\" width=\"640\" height=\"335\" \/><noscript><img loading=\"lazy\" decoding=\"async\" class=\"aligncenter size-large wp-image-1301\" title=\"Course du coeur\" src=\"http:\/\/www.ajpc-chaumont.fr\/wp-content\/uploads\/2011\/11\/Course-du-coeur-1024x536.jpg\" alt=\"\" width=\"640\" height=\"335\" srcset=\"http:\/\/www.ajpc-chaumont.fr\/wp-content\/uploads\/2011\/11\/Course-du-coeur-1024x536.jpg 1024w, http:\/\/www.ajpc-chaumont.fr\/wp-content\/uploads\/2011\/11\/Course-du-coeur-300x157.jpg 300w, http:\/\/www.ajpc-chaumont.fr\/wp-content\/uploads\/2011\/11\/Course-du-coeur.jpg 1437w\" sizes=\"(max-width: 640px) 100vw, 640px\" \/><\/noscript><\/a><\/p>\n","protected":false},"excerpt":{"rendered":"<p>Des coureurs de l&#8217;AJPC ont accueilli et accompagn\u00e9 sur quelques kilom\u00e8tres des coureurs venant de Sens et se rendant \u00e0 Strasbourg au profit de la mucovoscidose.<\/p>\n","protected":false},"author":12,"featured_media":0,"parent":782,"menu_order":1,"comment_status":"open","ping_status":"closed","template":"","meta":{"_s2mail":"","footnotes":""},"_links":{"self":[{"href":"http:\/\/www.ajpc-chaumont.fr\/index.php?rest_route=\/wp\/v2\/pages\/1300"}],"collection":[{"href":"http:\/\/www.ajpc-chaumont.fr\/index.php?rest_route=\/wp\/v2\/pages"}],"about":[{"href":"http:\/\/www.ajpc-chaumont.fr\/index.php?rest_route=\/wp\/v2\/types\/page"}],"author":[{"embeddable":true,"href":"http:\/\/www.ajpc-chaumont.fr\/index.php?rest_route=\/wp\/v2\/users\/12"}],"replies":[{"embeddable":true,"href":"http:\/\/www.ajpc-chaumont.fr\/index.php?rest_route=%2Fwp%2Fv2%2Fcomments&post=1300"}],"version-history":[{"count":4,"href":"http:\/\/www.ajpc-chaumont.fr\/index.php?rest_route=\/wp\/v2\/pages\/1300\/revisions"}],"predecessor-version":[{"id":2182,"href":"http:\/\/www.ajpc-chaumont.fr\/index.php?rest_route=\/wp\/v2\/pages\/1300\/revisions\/2182"}],"up":[{"embeddable":true,"href":"http:\/\/www.ajpc-chaumont.fr\/index.php?rest_route=\/wp\/v2\/pages\/782"}],"wp:attachment":[{"href":"http:\/\/www.ajpc-chaumont.fr\/index.php?rest_route=%2Fwp%2Fv2%2Fmedia&parent=1300"}],"curies":[{"name":"wp","href":"https:\/\/api.w.org\/{rel}","templated":true}]}}