{"id":14536,"date":"2013-12-24T09:22:16","date_gmt":"2013-12-24T08:22:16","guid":{"rendered":"http:\/\/www.ajpc-chaumont.fr\/?page_id=14536"},"modified":"2013-12-24T09:22:16","modified_gmt":"2013-12-24T08:22:16","slug":"video-corrida-de-bologne","status":"publish","type":"page","link":"http:\/\/www.ajpc-chaumont.fr\/?page_id=14536","title":{"rendered":"Vid\u00e9o corrida de Bologne"},"content":{"rendered":"<p>Reportage de France 3&#8230; on y voit quelques coureurs de l&#8217;AJPC.<\/p>\n<p>\u00ab Ce n\u2019est pas le r\u00e9sultat qui compte, mais de participer ! \u00bb. Sous sa robe de m\u00e8re No\u00ebl, un collant de course et des baskets de comp\u00e9tition : \u00ab On est l\u00e0 pour se faire plaisir, pour faire la f\u00eate \u00bb<\/p>\n<p><iframe loading=\"lazy\" src=\"http:\/\/api.dmcloud.net\/player\/embed\/4f3d114d94a6f66945000325\/52b85bef9473997ffe87d648\/7d0a87aadc97430e9172e187a4d15289?exported=1\" height=\"360\" width=\"640\" frameborder=\"0\"><\/iframe><\/p>\n<p>&nbsp;<\/p>\n","protected":false},"excerpt":{"rendered":"<p>Reportage de France 3&#8230; on y voit quelques coureurs de l&#8217;AJPC. \u00ab Ce n\u2019est pas le r\u00e9sultat qui compte, mais de participer ! \u00bb. Sous sa robe de m\u00e8re No\u00ebl, un collant de course et des baskets de comp\u00e9tition : &hellip; <a href=\"http:\/\/www.ajpc-chaumont.fr\/?page_id=14536\">Continue reading <span class=\"meta-nav\">&rarr;<\/span><\/a><\/p>\n","protected":false},"author":12,"featured_media":0,"parent":2448,"menu_order":0,"comment_status":"closed","ping_status":"closed","template":"","meta":{"_s2mail":"yes","footnotes":""},"_links":{"self":[{"href":"http:\/\/www.ajpc-chaumont.fr\/index.php?rest_route=\/wp\/v2\/pages\/14536"}],"collection":[{"href":"http:\/\/www.ajpc-chaumont.fr\/index.php?rest_route=\/wp\/v2\/pages"}],"about":[{"href":"http:\/\/www.ajpc-chaumont.fr\/index.php?rest_route=\/wp\/v2\/types\/page"}],"author":[{"embeddable":true,"href":"http:\/\/www.ajpc-chaumont.fr\/index.php?rest_route=\/wp\/v2\/users\/12"}],"replies":[{"embeddable":true,"href":"http:\/\/www.ajpc-chaumont.fr\/index.php?rest_route=%2Fwp%2Fv2%2Fcomments&post=14536"}],"version-history":[{"count":2,"href":"http:\/\/www.ajpc-chaumont.fr\/index.php?rest_route=\/wp\/v2\/pages\/14536\/revisions"}],"predecessor-version":[{"id":14538,"href":"http:\/\/www.ajpc-chaumont.fr\/index.php?rest_route=\/wp\/v2\/pages\/14536\/revisions\/14538"}],"up":[{"embeddable":true,"href":"http:\/\/www.ajpc-chaumont.fr\/index.php?rest_route=\/wp\/v2\/pages\/2448"}],"wp:attachment":[{"href":"http:\/\/www.ajpc-chaumont.fr\/index.php?rest_route=%2Fwp%2Fv2%2Fmedia&parent=14536"}],"curies":[{"name":"wp","href":"https:\/\/api.w.org\/{rel}","templated":true}]}}