{"id":16267,"date":"2014-05-13T22:29:50","date_gmt":"2014-05-13T20:29:50","guid":{"rendered":"http:\/\/www.ajpc-chaumont.fr\/?page_id=16267"},"modified":"2021-11-03T11:22:33","modified_gmt":"2021-11-03T10:22:33","slug":"test-deffort-avec-le-cmes","status":"publish","type":"page","link":"http:\/\/www.ajpc-chaumont.fr\/?page_id=16267","title":{"rendered":"Test d&#8217;effort avec le CMES"},"content":{"rendered":"<p>Vous pratiquez un sport r\u00e9guli\u00e8rement et vous savez sans doute que vous devriez subir tous les 2 ou 3 ans un test d\u2019effort, afin de d\u00e9celer le moindre petit probl\u00e8me qui pourrait \u00eatre un danger pour la pratique de votre sport.<\/p>\n<p>L\u2019AJPC s\u2019est associ\u00e9e au <a href=\"http:\/\/www.cmes-chaumont52.com\/\" target=\"_blank\" rel=\"noopener\">CMES<\/a> (Centre de M\u00e9decine et d\u2019Evaluation Sportive) de Chaumont afin de vous faciliter l\u2019acc\u00e8s au test d\u2019effort.<\/p>\n<p>Cliquez <a href=\"http:\/\/www.ajpc-chaumont.fr\/wp-content\/uploads\/2014\/05\/Appel-\u00e0-passer-le-test-deffort.pdf\" target=\"_blank\" rel=\"noopener\">ICI <\/a>pour t\u00e9l\u00e9chargez la fiche explicative du test d&#8217;effort.<\/p>\n<p>Pour contacter le CMES: <a href=\"http:\/\/www.cmes-chaumont52.fr\/\" target=\"_blank\" rel=\"noreferrer noopener\">CMES CHAUMONT<\/a><\/p>\n","protected":false},"excerpt":{"rendered":"<p>Vous pratiquez un sport r\u00e9guli\u00e8rement et vous savez sans doute que vous devriez subir tous les 2 ou 3 ans un test d\u2019effort, afin de d\u00e9celer le moindre petit probl\u00e8me qui pourrait \u00eatre un danger pour la pratique de votre &hellip; <a href=\"http:\/\/www.ajpc-chaumont.fr\/?page_id=16267\">Continue reading <span class=\"meta-nav\">&rarr;<\/span><\/a><\/p>\n","protected":false},"author":12,"featured_media":0,"parent":891,"menu_order":0,"comment_status":"closed","ping_status":"closed","template":"","meta":{"_s2mail":"yes","footnotes":""},"_links":{"self":[{"href":"http:\/\/www.ajpc-chaumont.fr\/index.php?rest_route=\/wp\/v2\/pages\/16267"}],"collection":[{"href":"http:\/\/www.ajpc-chaumont.fr\/index.php?rest_route=\/wp\/v2\/pages"}],"about":[{"href":"http:\/\/www.ajpc-chaumont.fr\/index.php?rest_route=\/wp\/v2\/types\/page"}],"author":[{"embeddable":true,"href":"http:\/\/www.ajpc-chaumont.fr\/index.php?rest_route=\/wp\/v2\/users\/12"}],"replies":[{"embeddable":true,"href":"http:\/\/www.ajpc-chaumont.fr\/index.php?rest_route=%2Fwp%2Fv2%2Fcomments&post=16267"}],"version-history":[{"count":6,"href":"http:\/\/www.ajpc-chaumont.fr\/index.php?rest_route=\/wp\/v2\/pages\/16267\/revisions"}],"predecessor-version":[{"id":27272,"href":"http:\/\/www.ajpc-chaumont.fr\/index.php?rest_route=\/wp\/v2\/pages\/16267\/revisions\/27272"}],"up":[{"embeddable":true,"href":"http:\/\/www.ajpc-chaumont.fr\/index.php?rest_route=\/wp\/v2\/pages\/891"}],"wp:attachment":[{"href":"http:\/\/www.ajpc-chaumont.fr\/index.php?rest_route=%2Fwp%2Fv2%2Fmedia&parent=16267"}],"curies":[{"name":"wp","href":"https:\/\/api.w.org\/{rel}","templated":true}]}}