{"id":16565,"date":"2014-05-29T15:54:20","date_gmt":"2014-05-29T13:54:20","guid":{"rendered":"http:\/\/www.ajpc-chaumont.fr\/?page_id=16565"},"modified":"2016-04-16T10:05:41","modified_gmt":"2016-04-16T08:05:41","slug":"anniversaire-de-daniel","status":"publish","type":"page","link":"http:\/\/www.ajpc-chaumont.fr\/?page_id=16565","title":{"rendered":"Anniversaire de Daniel"},"content":{"rendered":"<p>Photos d&#8217;un \u00e9v\u00e8nement que beaucoup d&#8217;adh\u00e9rents, coureurs et marcheurs, ont voulu f\u00eater vendredi 23 mai 2014: les 70 ans de notre pr\u00e9sident d&#8217;association.<\/p>\n<p>Bon anniversaire Daniel !<\/p>\n<p><a href=\"http:\/\/www.ajpc-chaumont.fr\/wp-content\/uploads\/2014\/05\/70-ans-Daniel.jpg\"><img loading=\"lazy\" decoding=\"async\" class=\"alignleft size-full wp-image-16567\" src=\"http:\/\/www.ajpc-chaumont.fr\/wp-content\/themes\/grey-opaque\/plugins\/lazy-load\/images\/1x1.trans.gif\" data-lazy-src=\"http:\/\/www.ajpc-chaumont.fr\/wp-content\/uploads\/2014\/05\/70-ans-Daniel.jpg\" alt=\"70 ans Daniel\" width=\"673\" height=\"1383\" \/><noscript><img loading=\"lazy\" decoding=\"async\" class=\"alignleft size-full wp-image-16567\" src=\"http:\/\/www.ajpc-chaumont.fr\/wp-content\/uploads\/2014\/05\/70-ans-Daniel.jpg\" alt=\"70 ans Daniel\" width=\"673\" height=\"1383\" srcset=\"http:\/\/www.ajpc-chaumont.fr\/wp-content\/uploads\/2014\/05\/70-ans-Daniel.jpg 673w, http:\/\/www.ajpc-chaumont.fr\/wp-content\/uploads\/2014\/05\/70-ans-Daniel-498x1024.jpg 498w\" sizes=\"(max-width: 673px) 100vw, 673px\" \/><\/noscript><\/a><\/p>\n","protected":false},"excerpt":{"rendered":"<p>Photos d&#8217;un \u00e9v\u00e8nement que beaucoup d&#8217;adh\u00e9rents, coureurs et marcheurs, ont voulu f\u00eater vendredi 23 mai 2014: les 70 ans de notre pr\u00e9sident d&#8217;association. Bon anniversaire Daniel !<\/p>\n","protected":false},"author":12,"featured_media":0,"parent":782,"menu_order":0,"comment_status":"closed","ping_status":"closed","template":"","meta":{"_s2mail":"yes","footnotes":""},"_links":{"self":[{"href":"http:\/\/www.ajpc-chaumont.fr\/index.php?rest_route=\/wp\/v2\/pages\/16565"}],"collection":[{"href":"http:\/\/www.ajpc-chaumont.fr\/index.php?rest_route=\/wp\/v2\/pages"}],"about":[{"href":"http:\/\/www.ajpc-chaumont.fr\/index.php?rest_route=\/wp\/v2\/types\/page"}],"author":[{"embeddable":true,"href":"http:\/\/www.ajpc-chaumont.fr\/index.php?rest_route=\/wp\/v2\/users\/12"}],"replies":[{"embeddable":true,"href":"http:\/\/www.ajpc-chaumont.fr\/index.php?rest_route=%2Fwp%2Fv2%2Fcomments&post=16565"}],"version-history":[{"count":2,"href":"http:\/\/www.ajpc-chaumont.fr\/index.php?rest_route=\/wp\/v2\/pages\/16565\/revisions"}],"predecessor-version":[{"id":20227,"href":"http:\/\/www.ajpc-chaumont.fr\/index.php?rest_route=\/wp\/v2\/pages\/16565\/revisions\/20227"}],"up":[{"embeddable":true,"href":"http:\/\/www.ajpc-chaumont.fr\/index.php?rest_route=\/wp\/v2\/pages\/782"}],"wp:attachment":[{"href":"http:\/\/www.ajpc-chaumont.fr\/index.php?rest_route=%2Fwp%2Fv2%2Fmedia&parent=16565"}],"curies":[{"name":"wp","href":"https:\/\/api.w.org\/{rel}","templated":true}]}}