{"id":17683,"date":"2014-11-24T13:35:21","date_gmt":"2014-11-24T12:35:21","guid":{"rendered":"http:\/\/www.ajpc-chaumont.fr\/?page_id=17683"},"modified":"2014-11-24T13:40:53","modified_gmt":"2014-11-24T12:40:53","slug":"video-corrida-de-noel-de-bologne","status":"publish","type":"page","link":"http:\/\/www.ajpc-chaumont.fr\/?page_id=17683","title":{"rendered":"Vid\u00e9o Corrida de No\u00ebl Bologne"},"content":{"rendered":"<p>Vid\u00e9o souvenir de la corrida de Bologne 2012<\/p>\n<p>http:\/\/youtu.be\/g_UHL5JoMiI<\/p>\n","protected":false},"excerpt":{"rendered":"<p>Vid\u00e9o souvenir de la corrida de Bologne 2012 http:\/\/youtu.be\/g_UHL5JoMiI<\/p>\n","protected":false},"author":12,"featured_media":0,"parent":6329,"menu_order":0,"comment_status":"closed","ping_status":"closed","template":"","meta":{"_s2mail":"yes","footnotes":""},"_links":{"self":[{"href":"http:\/\/www.ajpc-chaumont.fr\/index.php?rest_route=\/wp\/v2\/pages\/17683"}],"collection":[{"href":"http:\/\/www.ajpc-chaumont.fr\/index.php?rest_route=\/wp\/v2\/pages"}],"about":[{"href":"http:\/\/www.ajpc-chaumont.fr\/index.php?rest_route=\/wp\/v2\/types\/page"}],"author":[{"embeddable":true,"href":"http:\/\/www.ajpc-chaumont.fr\/index.php?rest_route=\/wp\/v2\/users\/12"}],"replies":[{"embeddable":true,"href":"http:\/\/www.ajpc-chaumont.fr\/index.php?rest_route=%2Fwp%2Fv2%2Fcomments&post=17683"}],"version-history":[{"count":4,"href":"http:\/\/www.ajpc-chaumont.fr\/index.php?rest_route=\/wp\/v2\/pages\/17683\/revisions"}],"predecessor-version":[{"id":17691,"href":"http:\/\/www.ajpc-chaumont.fr\/index.php?rest_route=\/wp\/v2\/pages\/17683\/revisions\/17691"}],"up":[{"embeddable":true,"href":"http:\/\/www.ajpc-chaumont.fr\/index.php?rest_route=\/wp\/v2\/pages\/6329"}],"wp:attachment":[{"href":"http:\/\/www.ajpc-chaumont.fr\/index.php?rest_route=%2Fwp%2Fv2%2Fmedia&parent=17683"}],"curies":[{"name":"wp","href":"https:\/\/api.w.org\/{rel}","templated":true}]}}