{"id":20155,"date":"2016-03-23T21:45:21","date_gmt":"2016-03-23T20:45:21","guid":{"rendered":"http:\/\/www.ajpc-chaumont.fr\/?page_id=20155"},"modified":"2016-12-10T20:03:25","modified_gmt":"2016-12-10T19:03:25","slug":"20155-2","status":"publish","type":"page","link":"http:\/\/www.ajpc-chaumont.fr\/?page_id=20155","title":{"rendered":"Passer une annonce"},"content":{"rendered":"<p><a href=\"http:\/\/www.ajpc-chaumont.fr\/wp-content\/uploads\/2016\/03\/petites-annonces.jpg\" rel=\"attachment wp-att-20120\"><img loading=\"lazy\" decoding=\"async\" class=\"alignleft wp-image-20120\" src=\"http:\/\/www.ajpc-chaumont.fr\/wp-content\/themes\/grey-opaque\/plugins\/lazy-load\/images\/1x1.trans.gif\" data-lazy-src=\"http:\/\/www.ajpc-chaumont.fr\/wp-content\/uploads\/2016\/03\/petites-annonces.jpg\" alt=\"Petites annonces\" width=\"250\" height=\"250\" \/><noscript><img loading=\"lazy\" decoding=\"async\" class=\"alignleft wp-image-20120\" src=\"http:\/\/www.ajpc-chaumont.fr\/wp-content\/uploads\/2016\/03\/petites-annonces.jpg\" alt=\"Petites annonces\" width=\"250\" height=\"250\" srcset=\"http:\/\/www.ajpc-chaumont.fr\/wp-content\/uploads\/2016\/03\/petites-annonces.jpg 190w, http:\/\/www.ajpc-chaumont.fr\/wp-content\/uploads\/2016\/03\/petites-annonces-150x150.jpg 150w\" sizes=\"(max-width: 250px) 100vw, 250px\" \/><\/noscript><\/a>Si vous voulez vendre, acheter, pr\u00eater, donner ou rechercher (achat ou pr\u00eat) des articles de course \u00e0 pied ou de marche nordique ou tout autre sport il vous suffit d&#8217;envoyer les \u00e9l\u00e9ments suivants:<\/p>\n<p>&#8211; la rubrique (vente, pr\u00eat, achat&#8230<img decoding=\"async\" src=\"http:\/\/www.ajpc-chaumont.fr\/wp-content\/themes\/grey-opaque\/plugins\/lazy-load\/images\/1x1.trans.gif\" data-lazy-src=\"http:\/\/www.ajpc-chaumont.fr\/wp-content\/themes\/grey-opaque\/images\/smilies\/icon_wink.gif\" alt=\"Smilie: ;)\" title=\"Smilie: ;)\" \/><noscript><img decoding=\"async\" src=\"http:\/\/www.ajpc-chaumont.fr\/wp-content\/themes\/grey-opaque\/images\/smilies\/icon_wink.gif\" alt=\"Smilie: ;)\" title=\"Smilie: ;)\" \/><\/noscript><br \/>\n&#8211; le descriptif du produit<br \/>\n&#8211; le prix (vente ou achat)<br \/>\n&#8211; une photo<br \/>\n&#8211; vos coordonn\u00e9es de contact<\/p>\n<p>\u00e0 : <em>postmaster@ajpc-chaumont.fr<\/em><\/p>\n<p>Seuls les adh\u00e9rents de l&#8217;AJPC peuvent d\u00e9poser des annonces. Elles seront visibles dans la rubrique &#8220;Annonces&#8221; qui figure en en-t\u00eate de page et seront retir\u00e9es d\u00e8s la transaction effectu\u00e9e (pr\u00e9venir \u00e0 la m\u00eame adresse).<\/p>\n","protected":false},"excerpt":{"rendered":"<p>Si vous voulez vendre, acheter, pr\u00eater, donner ou rechercher (achat ou pr\u00eat) des articles de course \u00e0 pied ou de marche nordique ou tout autre sport il vous suffit d&#8217;envoyer les \u00e9l\u00e9ments suivants: &#8211; la rubrique (vente, pr\u00eat, achat&#038;#8230 &#8211; &hellip; <a href=\"http:\/\/www.ajpc-chaumont.fr\/?page_id=20155\">Continue reading <span class=\"meta-nav\">&rarr;<\/span><\/a><\/p>\n","protected":false},"author":12,"featured_media":0,"parent":20123,"menu_order":0,"comment_status":"closed","ping_status":"closed","template":"","meta":{"_s2mail":"yes","footnotes":""},"_links":{"self":[{"href":"http:\/\/www.ajpc-chaumont.fr\/index.php?rest_route=\/wp\/v2\/pages\/20155"}],"collection":[{"href":"http:\/\/www.ajpc-chaumont.fr\/index.php?rest_route=\/wp\/v2\/pages"}],"about":[{"href":"http:\/\/www.ajpc-chaumont.fr\/index.php?rest_route=\/wp\/v2\/types\/page"}],"author":[{"embeddable":true,"href":"http:\/\/www.ajpc-chaumont.fr\/index.php?rest_route=\/wp\/v2\/users\/12"}],"replies":[{"embeddable":true,"href":"http:\/\/www.ajpc-chaumont.fr\/index.php?rest_route=%2Fwp%2Fv2%2Fcomments&post=20155"}],"version-history":[{"count":8,"href":"http:\/\/www.ajpc-chaumont.fr\/index.php?rest_route=\/wp\/v2\/pages\/20155\/revisions"}],"predecessor-version":[{"id":20169,"href":"http:\/\/www.ajpc-chaumont.fr\/index.php?rest_route=\/wp\/v2\/pages\/20155\/revisions\/20169"}],"up":[{"embeddable":true,"href":"http:\/\/www.ajpc-chaumont.fr\/index.php?rest_route=\/wp\/v2\/pages\/20123"}],"wp:attachment":[{"href":"http:\/\/www.ajpc-chaumont.fr\/index.php?rest_route=%2Fwp%2Fv2%2Fmedia&parent=20155"}],"curies":[{"name":"wp","href":"https:\/\/api.w.org\/{rel}","templated":true}]}}