{"id":23643,"date":"2017-12-10T17:40:07","date_gmt":"2017-12-10T16:40:07","guid":{"rendered":"http:\/\/www.ajpc-chaumont.fr\/?page_id=23643"},"modified":"2025-12-20T16:35:03","modified_gmt":"2025-12-20T15:35:03","slug":"reglement-interieur","status":"publish","type":"page","link":"http:\/\/www.ajpc-chaumont.fr\/?page_id=23643","title":{"rendered":"R\u00e8glement int\u00e9rieur"},"content":{"rendered":"<p><strong>R\u00e8glement int\u00e9rieur de l\u2019Association des Joggeurs du Pays Chaumontais (AJPC)<\/strong><\/p>\n<p><strong>Le pr\u00e9sent r\u00e8glement int\u00e9rieur est \u00e9tabli par le Conseil d\u2019administration de l\u2019AJPC et approuv\u00e9 par l\u2019Assembl\u00e9e G\u00e9n\u00e9rale Ordinaire du 18 d\u00e9cembre 2025.<br \/>\n<\/strong><strong>Il est destin\u00e9 \u00e0 fixer les divers points non pr\u00e9cis\u00e9s par les statuts et notamment ceux qui ont trait \u00e0 l\u2019administration interne de l\u2019association d\u00e9nomm\u00e9e AJPC, sise \u00e0 la Maison des associations.<\/strong><\/p>\n<p><strong>Article-1<sup>\u00a0<\/sup>: Port du gilet de s\u00e9curit\u00e9 fluorescent<\/strong><\/p>\n<p>Les encadrants et adh\u00e9rents pratiquant dans le cadre des s\u00e9ances programm\u00e9es, la course \u00e0 pied ou la marche nordique de jour ou de nuit, devront porter obligatoirement un gilet de s\u00e9curit\u00e9 fluorescent ou un accessoire \u00e9lectrique lumineux.<\/p>\n<p><strong>Article-2<sup>\u00a0<\/sup>: D\u00e9placement en situation urbaine<\/strong><\/p>\n<p>Les d\u00e9placements s\u2019effectuent sur le trottoir uniquement.<br \/>\nEn cas d\u2019absence de trottoir, ils doivent s\u2019effectuer en file indienne, les uns derri\u00e8re les autres, sur le bord gauche de la chauss\u00e9e (<u>article R412-42 II<\/u> du code de la route) ou, si le groupe occupe une partie plus importante de la route, sur le bord droit de la chauss\u00e9e (<u>article R412-42 I et II<\/u> du code de la route).<br \/>\nLes d\u00e9placements sur la piste ou bande cyclable sont interdits.<br \/>\nLa travers\u00e9e de la chauss\u00e9e s\u2019effectue sur les passages pi\u00e9tons (<u>article R412-37<\/u> du code de la route).<\/p>\n<p>La pratique accompagn\u00e9e d\u2019une poussette est interdite pour des raisons \u00e9videntes de s\u00e9curit\u00e9.<br \/>\nLa pratique accompagn\u00e9e d\u2019un chien est interdite pour des raisons \u00e9videntes de s\u00e9curit\u00e9.<br \/>\nLe d\u00e9placement \u00e0 bicyclette n\u2019est autoris\u00e9 qu\u2019aux seuls encadrants.<\/p>\n<p><strong>Article-3 : Abandon du groupe encadr\u00e9.<\/strong><\/p>\n<p>Si au cours d\u2019une s\u00e9ance d\u2019entra\u00eenement encadr\u00e9e, un ou plusieurs membres de ce groupe la quittent et se retrouvent sans encadrant figurant au tableau officiel des encadrants, ces membres ne sont plus sous la couverture de l\u2019assurance de l\u2019AJPC.<br \/>\nEn cas d\u2019accident, l\u2019AJPC se d\u00e9gage de toute responsabilit\u00e9 en cas de non-respect de cette directive.<\/p>\n<p><strong>Article-4 :<\/strong> <strong>Renouvellement annuel des adh\u00e9sions et 1<sup>\u00e8re<\/sup> adh\u00e9sion.\u00a0<\/strong><\/p>\n<p><strong>Le renouvellement<\/strong> doit se faire chaque ann\u00e9e du 1<sup>er<\/sup> au 30 septembre.<br \/>\n<strong>La 1<sup>\u00e8re<\/sup> adh\u00e9sion <\/strong>pourra se faire sous les m\u00eames conditions, apr\u00e8s avoir particip\u00e9 \u00e0 3 s\u00e9ances d\u2019essais maximum.<br \/>\nEn cas de non-respect de ces directives, l\u2019adh\u00e9sion n\u2019est pas valid\u00e9e et la couverture assurance non assur\u00e9e. En cas d\u2019accident, l\u2019AJPC se d\u00e9gage de toute responsabilit\u00e9 en cas de non-respect de cette directive.<\/p>\n<p><strong>Article-5 : D\u00e9finition de l\u2019Association en 3 sections.\u00a0<\/strong><\/p>\n<ul>\n<li>Section course \u00e0 pied \/ trail<\/li>\n<li>Section marche nordique<\/li>\n<\/ul>\n<p>Nomination pour chacune des sections, d\u2019un responsable<br \/>\n\u2013 qui sera le lien avec la pr\u00e9sidence de l\u2019association<br \/>\n\u2013 qui sera garant des droits et devoirs de leur section et du degr\u00e9 d\u2019autonomie.<\/p>\n<p>Le pr\u00e9sent r\u00e8glement int\u00e9rieur est \u00e9tabli par le Conseil d\u2019administration de l\u2019AJPC et approuv\u00e9 par l\u2019Assembl\u00e9e G\u00e9n\u00e9rale ordinaire du 18 d\u00e9cembre 2025.<\/p>\n","protected":false},"excerpt":{"rendered":"<p>R\u00e8glement int\u00e9rieur de l\u2019Association des Joggeurs du Pays Chaumontais (AJPC) Le pr\u00e9sent r\u00e8glement int\u00e9rieur est \u00e9tabli par le Conseil d\u2019administration de l\u2019AJPC et approuv\u00e9 par l\u2019Assembl\u00e9e G\u00e9n\u00e9rale Ordinaire du 18 d\u00e9cembre 2025. Il est destin\u00e9 \u00e0 fixer les divers points &hellip; <a href=\"http:\/\/www.ajpc-chaumont.fr\/?page_id=23643\">Continue reading <span class=\"meta-nav\">&rarr;<\/span><\/a><\/p>\n","protected":false},"author":12,"featured_media":0,"parent":40,"menu_order":0,"comment_status":"closed","ping_status":"closed","template":"","meta":{"_s2mail":"yes","footnotes":""},"_links":{"self":[{"href":"http:\/\/www.ajpc-chaumont.fr\/index.php?rest_route=\/wp\/v2\/pages\/23643"}],"collection":[{"href":"http:\/\/www.ajpc-chaumont.fr\/index.php?rest_route=\/wp\/v2\/pages"}],"about":[{"href":"http:\/\/www.ajpc-chaumont.fr\/index.php?rest_route=\/wp\/v2\/types\/page"}],"author":[{"embeddable":true,"href":"http:\/\/www.ajpc-chaumont.fr\/index.php?rest_route=\/wp\/v2\/users\/12"}],"replies":[{"embeddable":true,"href":"http:\/\/www.ajpc-chaumont.fr\/index.php?rest_route=%2Fwp%2Fv2%2Fcomments&post=23643"}],"version-history":[{"count":8,"href":"http:\/\/www.ajpc-chaumont.fr\/index.php?rest_route=\/wp\/v2\/pages\/23643\/revisions"}],"predecessor-version":[{"id":29753,"href":"http:\/\/www.ajpc-chaumont.fr\/index.php?rest_route=\/wp\/v2\/pages\/23643\/revisions\/29753"}],"up":[{"embeddable":true,"href":"http:\/\/www.ajpc-chaumont.fr\/index.php?rest_route=\/wp\/v2\/pages\/40"}],"wp:attachment":[{"href":"http:\/\/www.ajpc-chaumont.fr\/index.php?rest_route=%2Fwp%2Fv2%2Fmedia&parent=23643"}],"curies":[{"name":"wp","href":"https:\/\/api.w.org\/{rel}","templated":true}]}}