{"id":2722,"date":"2013-09-17T20:09:02","date_gmt":"2013-09-17T18:09:02","guid":{"rendered":"http:\/\/www.ajpc-chaumont.fr\/?page_id=2722"},"modified":"2025-12-08T14:06:07","modified_gmt":"2025-12-08T13:06:07","slug":"jours-et-horaires-des-sorties-dhiver","status":"publish","type":"page","link":"http:\/\/www.ajpc-chaumont.fr\/?page_id=2722","title":{"rendered":"Jours et horaires sorties"},"content":{"rendered":"\n<p>L\u2019AJPC propose \u00e0 ses adh\u00e9rents un choix d\u2019entrainements correspondant aux besoins de chacun.<\/p>\n\n\n\n<p>Des groupes d\u2019entrainement vari\u00e9s sont d\u00e9sormais propos\u00e9s les lundi, mercredi, jeudi, vendredi et samedi.<\/p>\n\n\n\n<p>Avant de venir \u00e0 l\u2019entrainement, pensez \u00e0 rep\u00e9rer le groupe que d\u00e9sirez int\u00e9grer et le nom de son encadrant. En cas d\u2019absence de celui-ci, un encadrant rempla\u00e7ant assurera la s\u00e9ance (voir tableau ci-dessous).<\/p>\n\n\n\n<p>T\u00e9l\u00e9chargez le tableau des encadrants <a href=\"http:\/\/www.ajpc-chaumont.fr\/wp-content\/uploads\/2025\/12\/Planning-des-seancces-hebdomadaires-MN.pdf\" target=\"_blank\" rel=\"noreferrer noopener\">ICI<\/a><\/p>\n\n\n<div class=\"wp-block-image is-style-default\">\n<figure class=\"aligncenter size-large\"><a href=\"http:\/\/www.ajpc-chaumont.fr\/wp-content\/uploads\/2025\/12\/Planning-des-seancces-hebdomadaires-MN-25-26-v4.jpg\"><img decoding=\"async\" src=\"http:\/\/www.ajpc-chaumont.fr\/wp-content\/themes\/grey-opaque\/plugins\/lazy-load\/images\/1x1.trans.gif\" data-lazy-src=\"http:\/\/www.ajpc-chaumont.fr\/wp-content\/uploads\/2025\/12\/Planning-des-seancces-hebdomadaires-MN-25-26-v4-1024x706.jpg\" alt=\"\" class=\"wp-image-29723\"\/><noscript><img loading=\"lazy\" decoding=\"async\" width=\"1024\" height=\"706\" src=\"http:\/\/www.ajpc-chaumont.fr\/wp-content\/uploads\/2025\/12\/Planning-des-seancces-hebdomadaires-MN-25-26-v4-1024x706.jpg\" alt=\"\" class=\"wp-image-29723\" srcset=\"http:\/\/www.ajpc-chaumont.fr\/wp-content\/uploads\/2025\/12\/Planning-des-seancces-hebdomadaires-MN-25-26-v4-1024x706.jpg 1024w, http:\/\/www.ajpc-chaumont.fr\/wp-content\/uploads\/2025\/12\/Planning-des-seancces-hebdomadaires-MN-25-26-v4-300x207.jpg 300w, http:\/\/www.ajpc-chaumont.fr\/wp-content\/uploads\/2025\/12\/Planning-des-seancces-hebdomadaires-MN-25-26-v4-768x530.jpg 768w, http:\/\/www.ajpc-chaumont.fr\/wp-content\/uploads\/2025\/12\/Planning-des-seancces-hebdomadaires-MN-25-26-v4.jpg 1308w\" sizes=\"(max-width: 1024px) 100vw, 1024px\" \/><\/noscript><\/a><\/figure><\/div>","protected":false},"excerpt":{"rendered":"<p>L\u2019AJPC propose \u00e0 ses adh\u00e9rents un choix d\u2019entrainements correspondant aux besoins de chacun. Des groupes d\u2019entrainement vari\u00e9s sont d\u00e9sormais propos\u00e9s les lundi, mercredi, jeudi, vendredi et samedi. Avant de venir \u00e0 l\u2019entrainement, pensez \u00e0 rep\u00e9rer le groupe que d\u00e9sirez int\u00e9grer &hellip; <a href=\"http:\/\/www.ajpc-chaumont.fr\/?page_id=2722\">Continue reading <span class=\"meta-nav\">&rarr;<\/span><\/a><\/p>\n","protected":false},"author":12,"featured_media":0,"parent":33,"menu_order":1,"comment_status":"closed","ping_status":"closed","template":"","meta":{"_s2mail":"yes","footnotes":""},"_links":{"self":[{"href":"http:\/\/www.ajpc-chaumont.fr\/index.php?rest_route=\/wp\/v2\/pages\/2722"}],"collection":[{"href":"http:\/\/www.ajpc-chaumont.fr\/index.php?rest_route=\/wp\/v2\/pages"}],"about":[{"href":"http:\/\/www.ajpc-chaumont.fr\/index.php?rest_route=\/wp\/v2\/types\/page"}],"author":[{"embeddable":true,"href":"http:\/\/www.ajpc-chaumont.fr\/index.php?rest_route=\/wp\/v2\/users\/12"}],"replies":[{"embeddable":true,"href":"http:\/\/www.ajpc-chaumont.fr\/index.php?rest_route=%2Fwp%2Fv2%2Fcomments&post=2722"}],"version-history":[{"count":51,"href":"http:\/\/www.ajpc-chaumont.fr\/index.php?rest_route=\/wp\/v2\/pages\/2722\/revisions"}],"predecessor-version":[{"id":29726,"href":"http:\/\/www.ajpc-chaumont.fr\/index.php?rest_route=\/wp\/v2\/pages\/2722\/revisions\/29726"}],"up":[{"embeddable":true,"href":"http:\/\/www.ajpc-chaumont.fr\/index.php?rest_route=\/wp\/v2\/pages\/33"}],"wp:attachment":[{"href":"http:\/\/www.ajpc-chaumont.fr\/index.php?rest_route=%2Fwp%2Fv2%2Fmedia&parent=2722"}],"curies":[{"name":"wp","href":"https:\/\/api.w.org\/{rel}","templated":true}]}}