{"id":28659,"date":"2024-06-02T12:18:30","date_gmt":"2024-06-02T10:18:30","guid":{"rendered":"http:\/\/www.ajpc-chaumont.fr\/?page_id=28659"},"modified":"2024-06-02T18:42:10","modified_gmt":"2024-06-02T16:42:10","slug":"tenues-ajpc-une-collection-enrichie","status":"publish","type":"page","link":"http:\/\/www.ajpc-chaumont.fr\/?page_id=28659","title":{"rendered":"Tenues AJPC : une collection enrichie"},"content":{"rendered":"\n<figure class=\"wp-block-image size-full is-style-default\"><a href=\"http:\/\/www.ajpc-chaumont.fr\/wp-content\/uploads\/2024\/06\/Maillot-AJPC-2024.jpg\"><img decoding=\"async\" src=\"http:\/\/www.ajpc-chaumont.fr\/wp-content\/themes\/grey-opaque\/plugins\/lazy-load\/images\/1x1.trans.gif\" data-lazy-src=\"http:\/\/www.ajpc-chaumont.fr\/wp-content\/uploads\/2024\/06\/Maillot-AJPC-2024.jpg\" alt=\"\" class=\"wp-image-28666\"\/><noscript><img loading=\"lazy\" decoding=\"async\" width=\"688\" height=\"296\" src=\"http:\/\/www.ajpc-chaumont.fr\/wp-content\/uploads\/2024\/06\/Maillot-AJPC-2024.jpg\" alt=\"\" class=\"wp-image-28666\" srcset=\"http:\/\/www.ajpc-chaumont.fr\/wp-content\/uploads\/2024\/06\/Maillot-AJPC-2024.jpg 688w, http:\/\/www.ajpc-chaumont.fr\/wp-content\/uploads\/2024\/06\/Maillot-AJPC-2024-300x129.jpg 300w\" sizes=\"(max-width: 688px) 100vw, 688px\" \/><\/noscript><\/a><\/figure>\n\n\n\n<p><strong>Catalogue en version <a href=\"http:\/\/www.ajpc-chaumont.fr\/wp-content\/uploads\/2024\/06\/Catalogue-Vetements-2024-version02-06.xlsx\">Excel<\/a> ou en version <a href=\"http:\/\/www.ajpc-chaumont.fr\/wp-content\/uploads\/2024\/06\/Catalogue-Vetements-2024-version02-06.pdf\">PDF<\/a><br>Bon de commande en version <a href=\"http:\/\/www.ajpc-chaumont.fr\/wp-content\/uploads\/2024\/06\/Bon-de-Commande-Habillement.xlsx\">Excel<\/a> ou en version <a href=\"http:\/\/www.ajpc-chaumont.fr\/wp-content\/uploads\/2024\/06\/Bon-de-Commande-Habillement-1.pdf\">PDF<\/a><\/strong><\/p>\n\n\n\n<p>Vous pourrez les essayer directement chez \u00ab TILLIT \u00bb, dont le magasin se situe au 25 rue F\u00e9lix Bablon \u00e0 Chaumont.<br>Les bons de commande seront centralis\u00e9s par Valentine DUVAL pour les coureurs et Jean-Marie DESCHARMES pour les marcheurs.<\/p>\n\n\n\n<figure class=\"wp-block-table\"><table><tbody><tr><td>L\u2019AJPC est une grande association, de par son nombre d\u2019adh\u00e9rents (plus de 400), qui vous propose de nombreux rendez-vous pour pratiquer vos activit\u00e9s sportives pr\u00e9f\u00e9r\u00e9es. <br>Que vous soyez marcheurs ou coureurs, vous \u00eates nombreux \u00e0 participer \u00e0 des sorties organis\u00e9es par vos encadrants, ou vous inscrire \u00e0 des comp\u00e9titions de courses sur route, de trails, que ce soit localement, en France et m\u00eame \u00e0 l\u2019\u00e9tranger. Nous imaginons que pour vous, comme pour nous, il est important de se rassembler sous les couleurs d\u2019un m\u00eame maillot, d\u2019une m\u00eame tenue, d\u2019\u00eatre vus et reconnus lors des diff\u00e9rentes manifestations auxquelles nous participons. <br>Pour ceux qui adh\u00e8rent depuis plusieurs ann\u00e9es, vous avez connu et pu acheter des maillots aux couleurs de l\u2019AJPC. En 2019 nous avions confi\u00e9 la confection de ces \u00e9quipements \u00e0 la Ste LAFITTE \u00e0 Troyes. <br>Pour 2024, le conseil d&#8217;administration a confi\u00e9 \u00e0 la commission \u00e9quipement la mission de proposer une nouvelle collection tout en conservant pratiquement le m\u00eame visuel, qui est d\u00e9j\u00e0 bien identifi\u00e9. <br>Avec l\u2019assistance technique d\u2019Aur\u00e9lien GIRARD de \u00ab TILLIT \u00bb, la commission a travaill\u00e9 sur un ensemble d\u2019\u00e9quipements, de tr\u00e8s bonne qualit\u00e9 (toujours de fabrication fran\u00e7aise) et a regroup\u00e9 tous les articles propos\u00e9s dans un catalogue que vous trouverez dans le lien ci-dessous. <br>Si besoin, avant de remplir le bon de commande, vous pourrez les essayer directement chez \u00ab TILLIT \u00bb, dont le magasin se situe au 25 rue F\u00e9lix Bablon \u00e0 Chaumont. Vous aurez m\u00eame la possibilit\u00e9 de les personnaliser gratuitement avec votre pr\u00e9nom (voir bon de commande). <br>Le conseil d\u2019administration a d\u00e9cid\u00e9 de participer financi\u00e8rement \u00e0 cette campagne d&#8217;habillement et avec l\u2019aide de notre partenaire historique \u00ab Amador SANCHEZ \u00bb, la participation sera de 25,00 \u20ac pour chaque adh\u00e9rent qui passera commande. Cette participation sera accord\u00e9e sur un seul article (sauf Tour de Cou) et chaque adh\u00e9rent pourra en b\u00e9n\u00e9ficier une fois tous les 3 ans.<\/td><\/tr><\/tbody><\/table><\/figure>\n","protected":false},"excerpt":{"rendered":"<p>Catalogue en version Excel ou en version PDFBon de commande en version Excel ou en version PDF Vous pourrez les essayer directement chez \u00ab TILLIT \u00bb, dont le magasin se situe au 25 rue F\u00e9lix Bablon \u00e0 Chaumont.Les bons de &hellip; <a href=\"http:\/\/www.ajpc-chaumont.fr\/?page_id=28659\">Continue reading <span class=\"meta-nav\">&rarr;<\/span><\/a><\/p>\n","protected":false},"author":12,"featured_media":0,"parent":40,"menu_order":0,"comment_status":"closed","ping_status":"closed","template":"","meta":{"_s2mail":"","footnotes":""},"_links":{"self":[{"href":"http:\/\/www.ajpc-chaumont.fr\/index.php?rest_route=\/wp\/v2\/pages\/28659"}],"collection":[{"href":"http:\/\/www.ajpc-chaumont.fr\/index.php?rest_route=\/wp\/v2\/pages"}],"about":[{"href":"http:\/\/www.ajpc-chaumont.fr\/index.php?rest_route=\/wp\/v2\/types\/page"}],"author":[{"embeddable":true,"href":"http:\/\/www.ajpc-chaumont.fr\/index.php?rest_route=\/wp\/v2\/users\/12"}],"replies":[{"embeddable":true,"href":"http:\/\/www.ajpc-chaumont.fr\/index.php?rest_route=%2Fwp%2Fv2%2Fcomments&post=28659"}],"version-history":[{"count":7,"href":"http:\/\/www.ajpc-chaumont.fr\/index.php?rest_route=\/wp\/v2\/pages\/28659\/revisions"}],"predecessor-version":[{"id":28677,"href":"http:\/\/www.ajpc-chaumont.fr\/index.php?rest_route=\/wp\/v2\/pages\/28659\/revisions\/28677"}],"up":[{"embeddable":true,"href":"http:\/\/www.ajpc-chaumont.fr\/index.php?rest_route=\/wp\/v2\/pages\/40"}],"wp:attachment":[{"href":"http:\/\/www.ajpc-chaumont.fr\/index.php?rest_route=%2Fwp%2Fv2%2Fmedia&parent=28659"}],"curies":[{"name":"wp","href":"https:\/\/api.w.org\/{rel}","templated":true}]}}