{"id":704,"date":"2011-10-26T12:11:36","date_gmt":"2011-10-26T10:11:36","guid":{"rendered":"http:\/\/www.ajpc-chaumont.fr\/?page_id=704"},"modified":"2011-10-27T09:33:56","modified_gmt":"2011-10-27T07:33:56","slug":"lalimentation-au-quotidien","status":"publish","type":"page","link":"http:\/\/www.ajpc-chaumont.fr\/?page_id=704","title":{"rendered":"Alimentation au quotidien"},"content":{"rendered":"<p>Une alimentation \u00e9quilibr\u00e9e au quotidien est un plus incontestable pour le coureur \u00e0 pied.<\/p>\n<p>Appliquer certains principes simples de base suffit \u00e0 tendre vers cet \u00e9quilibre. L\u2019objectif est \u00e0 la port\u00e9e de tous. Pas n\u00e9cessaire d\u2019\u00eatre expert en di\u00e9t\u00e9tique.<\/p>\n<p>Contrairement aux id\u00e9es re\u00e7ues, cette qu\u00eate n\u2019est pas synonyme de privations, de restrictions, d\u2019interdictions\u2026. Elle ne n\u00e9cessite pas de calculs fastidieux en mati\u00e8res de calories ou d\u2019apports journaliers recommand\u00e9s pour telle ou telle mol\u00e9cule.<\/p>\n<p>L\u2019alimentation du coureur \u00e0 pied diff\u00e8re peu de celle recommand\u00e9e pour l\u2019ensemble de la population.<\/p>\n<p>Il doit tout simplement manger \u00e0 sa faim, en variant son alimentation, en se gardant de tout exc\u00e8s et en ignorant les modes alimentaires. Les aliments miracles n&#8217;existent pas.<\/p>\n<p>L\u2019alimentation du coureur \u00e0 pied doit r\u00e9pondre avant tout \u00e0 deux exigences\u00a0:<\/p>\n<p>-Apporter le carburant n\u00e9cessaire \u00e0 l\u2019effort.<\/p>\n<p>-Assurer l\u2019apport des diff\u00e9rents nutriments n\u00e9cessaires \u00e0 un fonctionnement harmonieux et efficace de l\u2019organisme. (Prot\u00e9ines, lipides, glucides, vitamines, min\u00e9raux et oligo-\u00e9l\u00e9ments)<\/p>\n<p><strong><span style=\"text-decoration: underline;\">Les cl\u00e9s pour une alimentation \u00e9quilibr\u00e9e au quotidien<\/span><\/strong><\/p>\n<p><strong><span style=\"text-decoration: underline;\">Varier\u00a0les\u00a0aliments<\/span><\/strong><\/p>\n<p>L\u2019alimentation doit rester un plaisir. Il faut manger de tout, pourvu que ce soit vari\u00e9 et en quantit\u00e9 raisonnable. En variant les apports alimentaires, l\u2019organisme dispose ainsi de nutriments dans lesquels il peut aller se \u2019\u2019servir\u2019\u2019 selon ses besoins.<\/p>\n<p>Cependant la consommation r\u00e9guli\u00e8re de certains aliments doit \u00eatre limit\u00e9e. Pour ce faire les aliments peuvent \u00eatre class\u00e9s en diff\u00e9rents groupes afin de donner des rep\u00e8res sur leur consommation<\/p>\n<p>Le tableau ci-dessous donne une\u00a0id\u00e9e\u00a0assez\u00a0pr\u00e9cise\u00a0des\u00a0crit\u00e8res \u00e0 respecter pour un apport de nutriments vari\u00e9 et \u00e9quilibr\u00e9 au quotidien.<\/p>\n<p>Respecter ces crit\u00e8res peut suffire pour la grande majorit\u00e9 des coureurs. Les coureurs d&#8217;un niveau plus \u00e9lev\u00e9 sont amen\u00e9s \u00e0 int\u00e9grer d&#8217;autres param\u00e8tres dans\u00a0leur r\u00e9gime alimentaire.<\/p>\n<table width=\"600\" border=\"1\" cellspacing=\"0\" cellpadding=\"0\">\n<tbody>\n<tr>\n<td width=\"89\"><strong>Groupes d\u2019aliments<\/strong><\/td>\n<td width=\"58\"><strong>Apports<\/strong><\/td>\n<td width=\"85\"><strong>Fr\u00e9quences<\/strong><\/td>\n<td width=\"350\"><strong>commentaires<\/strong><\/td>\n<\/tr>\n<tr>\n<td width=\"89\">Fruits et l\u00e9gumes<\/td>\n<td width=\"58\">Fibres, vitamines, min\u00e9raux<\/td>\n<td width=\"85\">Au moins 5 fois par jour<\/td>\n<td width=\"350\">-A chaque repas et en cas de petits creux-Crus, cuits, nature ou pr\u00e9par\u00e9s-Frais, surgel\u00e9s ou en conserve<\/td>\n<\/tr>\n<tr>\n<td width=\"89\">Pains, c\u00e9r\u00e9ales, pomme de terre et l\u00e9gumes secs<\/td>\n<td width=\"58\">\u00a0\u00a0\u00a0\u00a0\u00a0 Sucres lents<\/td>\n<td width=\"85\">A chaque repas et selon son app\u00e9tit<\/td>\n<td width=\"350\">-Favoriser les aliments c\u00e9r\u00e9aliers complets et le pain-Privil\u00e9gier la vari\u00e9t\u00e9 (pates, riz, l\u00e9gumes secs,&#8230;&#8230<img decoding=\"async\" src=\"http:\/\/www.ajpc-chaumont.fr\/wp-content\/themes\/grey-opaque\/plugins\/lazy-load\/images\/1x1.trans.gif\" data-lazy-src=\"http:\/\/www.ajpc-chaumont.fr\/wp-content\/themes\/grey-opaque\/images\/smilies\/icon_wink.gif\" alt=\"Smilie: ;)\" title=\"Smilie: ;)\" \/><noscript><img decoding=\"async\" src=\"http:\/\/www.ajpc-chaumont.fr\/wp-content\/themes\/grey-opaque\/images\/smilies\/icon_wink.gif\" alt=\"Smilie: ;)\" title=\"Smilie: ;)\" \/><\/noscript><\/td>\n<\/tr>\n<tr>\n<td width=\"89\">Laits et produits laitiers (yaourts et fromages)<\/td>\n<td width=\"58\">Calcium, prot\u00e9ines<\/td>\n<td width=\"85\">3 par jour<\/td>\n<td width=\"350\">-Privil\u00e9gier la vari\u00e9t\u00e9-Privil\u00e9gier les fromages les plus riches en calcium, les moins gras et les moins sal\u00e9s<\/td>\n<\/tr>\n<tr>\n<td width=\"89\">Viandes, volailles, produits de la p\u00eache et oeufs<\/td>\n<td width=\"58\">Prot\u00e9ines<\/td>\n<td width=\"85\">\u00a01 \u00e0 2 fois par jour<\/td>\n<td width=\"350\">-En quantit\u00e9 inf\u00e9rieure \u00e0 celle de l&#8217;accompagnement-Viandes: privil\u00e9gier les esp\u00e8ces et les morceaux les moins gras-Poissons: au moins deux fois par semaine-Limiter les charcuteries (mis \u00e0 part le jambon blanc)<\/td>\n<\/tr>\n<tr>\n<td width=\"89\">Boissons<\/td>\n<td width=\"58\">Eau<\/td>\n<td width=\"85\">L\u2019eau \u00e0 volont\u00e9<\/td>\n<td width=\"350\">-Au cours et en dehors du repas-Limiter les boissons sucr\u00e9es (soda, jus de fruits,&#8230<img decoding=\"async\" src=\"http:\/\/www.ajpc-chaumont.fr\/wp-content\/themes\/grey-opaque\/plugins\/lazy-load\/images\/1x1.trans.gif\" data-lazy-src=\"http:\/\/www.ajpc-chaumont.fr\/wp-content\/themes\/grey-opaque\/images\/smilies\/icon_wink.gif\" alt=\"Smilie: ;)\" title=\"Smilie: ;)\" \/><noscript><img decoding=\"async\" src=\"http:\/\/www.ajpc-chaumont.fr\/wp-content\/themes\/grey-opaque\/images\/smilies\/icon_wink.gif\" alt=\"Smilie: ;)\" title=\"Smilie: ;)\" \/><\/noscript>-Boissons alcoolis\u00e9es: ne pas d\u00e9passer, par jour, 2 verres de vin pour les femmes et trois verres pour les hommes-2 verres de vin= 2 demis de bi\u00e8res ou 6cl d&#8217;alcool fort<\/td>\n<\/tr>\n<tr>\n<td width=\"89\">Mati\u00e8res grasses ajout\u00e9es<\/td>\n<td width=\"58\">Acides gras, vitamines<\/td>\n<td width=\"85\">Limiter la consommation<\/td>\n<td width=\"350\">-Privil\u00e9gier les mati\u00e8res grasses v\u00e9g\u00e9tales (l&#8217;huile d&#8217;olive, de colza&#8230;.)-Favoriser la vari\u00e9t\u00e9-Limiter les graisses d&#8217;origine animale(beurre, cr\u00e8me&#8230<img decoding=\"async\" src=\"http:\/\/www.ajpc-chaumont.fr\/wp-content\/themes\/grey-opaque\/plugins\/lazy-load\/images\/1x1.trans.gif\" data-lazy-src=\"http:\/\/www.ajpc-chaumont.fr\/wp-content\/themes\/grey-opaque\/images\/smilies\/icon_wink.gif\" alt=\"Smilie: ;)\" title=\"Smilie: ;)\" \/><noscript><img decoding=\"async\" src=\"http:\/\/www.ajpc-chaumont.fr\/wp-content\/themes\/grey-opaque\/images\/smilies\/icon_wink.gif\" alt=\"Smilie: ;)\" title=\"Smilie: ;)\" \/><\/noscript><\/td>\n<\/tr>\n<tr>\n<td width=\"89\">Produits sucr\u00e9s<\/td>\n<td width=\"58\">Sucres simples<\/td>\n<td width=\"85\">Limiter la consommation<\/td>\n<td width=\"350\">-Attention aux boissons sucr\u00e9es-Limiter les\u00a0aliments gras et sucr\u00e9s \u00e0 la fois (patisseries industrielles, cr\u00e8mes dessert, chocolat, glaces,&#8230<img decoding=\"async\" src=\"http:\/\/www.ajpc-chaumont.fr\/wp-content\/themes\/grey-opaque\/plugins\/lazy-load\/images\/1x1.trans.gif\" data-lazy-src=\"http:\/\/www.ajpc-chaumont.fr\/wp-content\/themes\/grey-opaque\/images\/smilies\/icon_wink.gif\" alt=\"Smilie: ;)\" title=\"Smilie: ;)\" \/><noscript><img decoding=\"async\" src=\"http:\/\/www.ajpc-chaumont.fr\/wp-content\/themes\/grey-opaque\/images\/smilies\/icon_wink.gif\" alt=\"Smilie: ;)\" title=\"Smilie: ;)\" \/><\/noscript>-Eviter les confiseries, les barres chocolat\u00e9es,&#8230;.<\/td>\n<\/tr>\n<tr>\n<td width=\"89\">Sel<\/td>\n<td width=\"58\">Sodium<\/td>\n<td width=\"85\">Limiter la consommation<\/td>\n<td width=\"350\">-Pr\u00e9f\u00e9rer le sel iod\u00e9-Ne pas resaler avant de gouter-R\u00e9duire l&#8217;ajout de sel dans les eaux de cuisson-Limiter les aliments sal\u00e9s (certains fromages, produits\u00a0ap\u00e9ritifs&#8230<img decoding=\"async\" src=\"http:\/\/www.ajpc-chaumont.fr\/wp-content\/themes\/grey-opaque\/plugins\/lazy-load\/images\/1x1.trans.gif\" data-lazy-src=\"http:\/\/www.ajpc-chaumont.fr\/wp-content\/themes\/grey-opaque\/images\/smilies\/icon_wink.gif\" alt=\"Smilie: ;)\" title=\"Smilie: ;)\" \/><noscript><img decoding=\"async\" src=\"http:\/\/www.ajpc-chaumont.fr\/wp-content\/themes\/grey-opaque\/images\/smilies\/icon_wink.gif\" alt=\"Smilie: ;)\" title=\"Smilie: ;)\" \/><\/noscript><\/td>\n<\/tr>\n<\/tbody>\n<\/table>\n<p><strong><span style=\"text-decoration: underline;\">R\u00e9partition glucides-lipides-prot\u00e9ines<\/span><\/strong><\/p>\n<p>Pour fonctionner au quotidien, le corps a besoin de carburant. Ce carburant provient\u00a0 de\u00a0la transformation par l\u2019organisme des glucides, des lipides et des prot\u00e9ines apport\u00e9s par l\u2019alimentation.<\/p>\n<p>Pour un bon fonctionnement les proportions pr\u00e9conis\u00e9es pour les trois nutriments \u00e9nerg\u00e9tiques sont:<\/p>\n<p><strong>-55% de glucides <\/strong>(dont au maximum 10% de sucres rapides).<\/p>\n<p><strong>-30% de lipides<\/strong><\/p>\n<p><strong>-15% de prot\u00e9ines<\/strong><\/p>\n<p><span style=\"text-decoration: underline;\">Quelques commentaires sur ces chiffres<\/span><\/p>\n<p><strong>55 % des glucides<\/strong><\/p>\n<p>D\u00e9passer cette proportion provoque surtout de fr\u00e9quentes prises de poids.<\/p>\n<p>Par contre, des rations pauvres en glucides entra\u00eenent une consommation plus importante de graisse pour maintenir le niveau calorique.<\/p>\n<p>De plus si l\u2019apport en glucides (et lipides) est trop restreint, le corps est oblig\u00e9 de puiser dans ses propres prot\u00e9ines pour assurer les r\u00e9actions \u00e9nerg\u00e9tiques d\u2019urgence n\u00e9cessaires \u00e0 son fonctionnement. Ce qui est tr\u00e8s n\u00e9faste pour le coureur.<\/p>\n<p><strong>15% de prot\u00e9ines<\/strong><\/p>\n<p>En consommer plus n\u2019a pas d\u2019utilit\u00e9. Les prot\u00e9ines exc\u00e9dentaires seront d\u00e9truites. La facult\u00e9 de \u00abfaire du muscle\u00bb d\u00e9pend beaucoup plus de la r\u00e9gularit\u00e9 de l\u2019entra\u00eenement que d\u2019un apport protidique important.<\/p>\n<p>&nbsp;<\/p>\n<p><strong>30% de lipides<\/strong> semblent parfaitement convenir car un apport excessif entra\u00eene une prise de poids r\u00e9guli\u00e8re et \u00e9ventuellement une perturbation du bilan sanguin lipidique.<\/p>\n<p>En revanche, un apport en lipides doit \u00eatre suffisamment important pour assurer un bon \u00e9quilibre en vitamines (A, D, E) n\u00e9cessaire un bon fonctionnement des cellules c\u00e9r\u00e9brales, nerveuses.<\/p>\n<p><strong>T\u00e9l\u00e9chargez ce document:<\/strong><\/p>\n<p><a href=\"http:\/\/www.ajpc-chaumont.fr\/wp-content\/uploads\/2011\/10\/Alimentation-au-quotidien.pdf\" target=\"_blank\"><img loading=\"lazy\" decoding=\"async\" class=\"alignleft size-thumbnail wp-image-387\" title=\"logo pdf\" src=\"http:\/\/www.ajpc-chaumont.fr\/wp-content\/themes\/grey-opaque\/plugins\/lazy-load\/images\/1x1.trans.gif\" data-lazy-src=\"http:\/\/www.ajpc-chaumont.fr\/wp-content\/uploads\/2011\/10\/logo-pdf-150x150.png\" alt=\"\" width=\"99\" height=\"99\" \/><noscript><img loading=\"lazy\" decoding=\"async\" class=\"alignleft size-thumbnail wp-image-387\" title=\"logo pdf\" src=\"http:\/\/www.ajpc-chaumont.fr\/wp-content\/uploads\/2011\/10\/logo-pdf-150x150.png\" alt=\"\" width=\"99\" height=\"99\" srcset=\"http:\/\/www.ajpc-chaumont.fr\/wp-content\/uploads\/2011\/10\/logo-pdf-150x150.png 150w, http:\/\/www.ajpc-chaumont.fr\/wp-content\/uploads\/2011\/10\/logo-pdf-100x100.png 100w, http:\/\/www.ajpc-chaumont.fr\/wp-content\/uploads\/2011\/10\/logo-pdf.png 253w\" sizes=\"(max-width: 99px) 100vw, 99px\" \/><\/noscript><\/a><\/p>\n","protected":false},"excerpt":{"rendered":"<p>Une alimentation \u00e9quilibr\u00e9e au quotidien est un plus incontestable pour le coureur \u00e0 pied. Appliquer certains principes simples de base suffit \u00e0 tendre vers cet \u00e9quilibre. L\u2019objectif est \u00e0 la port\u00e9e de tous. Pas n\u00e9cessaire d\u2019\u00eatre expert en di\u00e9t\u00e9tique. Contrairement &hellip; <a href=\"http:\/\/www.ajpc-chaumont.fr\/?page_id=704\">Continue reading <span class=\"meta-nav\">&rarr;<\/span><\/a><\/p>\n","protected":false},"author":12,"featured_media":0,"parent":450,"menu_order":0,"comment_status":"closed","ping_status":"open","template":"","meta":{"_s2mail":"","footnotes":""},"_links":{"self":[{"href":"http:\/\/www.ajpc-chaumont.fr\/index.php?rest_route=\/wp\/v2\/pages\/704"}],"collection":[{"href":"http:\/\/www.ajpc-chaumont.fr\/index.php?rest_route=\/wp\/v2\/pages"}],"about":[{"href":"http:\/\/www.ajpc-chaumont.fr\/index.php?rest_route=\/wp\/v2\/types\/page"}],"author":[{"embeddable":true,"href":"http:\/\/www.ajpc-chaumont.fr\/index.php?rest_route=\/wp\/v2\/users\/12"}],"replies":[{"embeddable":true,"href":"http:\/\/www.ajpc-chaumont.fr\/index.php?rest_route=%2Fwp%2Fv2%2Fcomments&post=704"}],"version-history":[{"count":9,"href":"http:\/\/www.ajpc-chaumont.fr\/index.php?rest_route=\/wp\/v2\/pages\/704\/revisions"}],"predecessor-version":[{"id":709,"href":"http:\/\/www.ajpc-chaumont.fr\/index.php?rest_route=\/wp\/v2\/pages\/704\/revisions\/709"}],"up":[{"embeddable":true,"href":"http:\/\/www.ajpc-chaumont.fr\/index.php?rest_route=\/wp\/v2\/pages\/450"}],"wp:attachment":[{"href":"http:\/\/www.ajpc-chaumont.fr\/index.php?rest_route=%2Fwp%2Fv2%2Fmedia&parent=704"}],"curies":[{"name":"wp","href":"https:\/\/api.w.org\/{rel}","templated":true}]}}