{"id":874,"date":"2011-10-29T11:26:28","date_gmt":"2011-10-29T09:26:28","guid":{"rendered":"http:\/\/www.ajpc-chaumont.fr\/?page_id=874"},"modified":"2026-01-08T10:06:43","modified_gmt":"2026-01-08T09:06:43","slug":"conseil-dadministration-2","status":"publish","type":"page","link":"http:\/\/www.ajpc-chaumont.fr\/?page_id=874","title":{"rendered":"Conseil d&#8217;administration 2025\/2026"},"content":{"rendered":"<p>Liste du conseil d&#8217;administration :<\/p>\n<p>Pr\u00e9sident : Dominique HENNEQUIN<br \/>\nVice-pr\u00e9sident : Jean-Marie DESCHARMES<br \/>\nPr\u00e9sident d&#8217;honneur : Raymond PITOISET<br \/>\nTr\u00e9sori\u00e8re : Denis BOCQUILLON<br \/>\nSecr\u00e9taire g\u00e9n\u00e9rale : Valentine DUVAL<br \/>\nTr\u00e9sori\u00e8re adjointe : Claudie JOB<br \/>\nSecr\u00e9taire adjointe : Laurence BERTIN<\/p>\n<p>Administrateurs :<br \/>\nLaure ALENTADO<br \/>\nPatrick DODIN<br \/>\nAnne-Marie HENRY<br \/>\nInge MINDERAA<br \/>\nDominique PIOT<br \/>\nSophie REYNIER<br \/>\nGuillaume TAVIN<br \/>\nPierre-Louis VALENTIN<\/p>\n","protected":false},"excerpt":{"rendered":"<p>Liste du conseil d&#8217;administration : Pr\u00e9sident : Dominique HENNEQUIN Vice-pr\u00e9sident : Jean-Marie DESCHARMES Pr\u00e9sident d&#8217;honneur : Raymond PITOISET Tr\u00e9sori\u00e8re : Denis BOCQUILLON Secr\u00e9taire g\u00e9n\u00e9rale : Valentine DUVAL Tr\u00e9sori\u00e8re adjointe : Claudie JOB Secr\u00e9taire adjointe : Laurence BERTIN Administrateurs : Laure &hellip; <a href=\"http:\/\/www.ajpc-chaumont.fr\/?page_id=874\">Continue reading <span class=\"meta-nav\">&rarr;<\/span><\/a><\/p>\n","protected":false},"author":12,"featured_media":0,"parent":40,"menu_order":2,"comment_status":"closed","ping_status":"closed","template":"","meta":{"_s2mail":"yes","footnotes":""},"_links":{"self":[{"href":"http:\/\/www.ajpc-chaumont.fr\/index.php?rest_route=\/wp\/v2\/pages\/874"}],"collection":[{"href":"http:\/\/www.ajpc-chaumont.fr\/index.php?rest_route=\/wp\/v2\/pages"}],"about":[{"href":"http:\/\/www.ajpc-chaumont.fr\/index.php?rest_route=\/wp\/v2\/types\/page"}],"author":[{"embeddable":true,"href":"http:\/\/www.ajpc-chaumont.fr\/index.php?rest_route=\/wp\/v2\/users\/12"}],"replies":[{"embeddable":true,"href":"http:\/\/www.ajpc-chaumont.fr\/index.php?rest_route=%2Fwp%2Fv2%2Fcomments&post=874"}],"version-history":[{"count":12,"href":"http:\/\/www.ajpc-chaumont.fr\/index.php?rest_route=\/wp\/v2\/pages\/874\/revisions"}],"predecessor-version":[{"id":29763,"href":"http:\/\/www.ajpc-chaumont.fr\/index.php?rest_route=\/wp\/v2\/pages\/874\/revisions\/29763"}],"up":[{"embeddable":true,"href":"http:\/\/www.ajpc-chaumont.fr\/index.php?rest_route=\/wp\/v2\/pages\/40"}],"wp:attachment":[{"href":"http:\/\/www.ajpc-chaumont.fr\/index.php?rest_route=%2Fwp%2Fv2%2Fmedia&parent=874"}],"curies":[{"name":"wp","href":"https:\/\/api.w.org\/{rel}","templated":true}]}}