{"id":893,"date":"2011-10-29T12:43:31","date_gmt":"2011-10-29T10:43:31","guid":{"rendered":"http:\/\/www.ajpc-chaumont.fr\/?page_id=893"},"modified":"2011-10-29T12:43:31","modified_gmt":"2011-10-29T10:43:31","slug":"blessures-osseuses","status":"publish","type":"page","link":"http:\/\/www.ajpc-chaumont.fr\/?page_id=893","title":{"rendered":"Blessures osseuses"},"content":{"rendered":"<p><strong>P\u00e9riostites <\/strong><\/p>\n<p><span style=\"text-decoration: underline;\">Description<\/span>: Douleur et gonflement de la zone atteinte qui se situe au tiers inf\u00e9rieur du tibia chez le coureur. Le p\u00e9rioste est la membrane qui entoure l&#8217;os. La pratique de la course \u00e0 pied devient tr\u00e8s douloureuse.<\/p>\n<p><span style=\"text-decoration: underline;\">Premiers soins<\/span>: Gla\u00e7age plusieurs fois par jour<\/p>\n<p><span style=\"text-decoration: underline;\">Examens<\/span>: Aucun ou scintigraphie osseuse ou IRM<\/p>\n<p><span style=\"text-decoration: underline;\">Repos<\/span>:\u00a0 Arr\u00eat de 10 \u00e0 45 jours.<\/p>\n<p><strong>Fractures de fatigue <\/strong><\/p>\n<p><span style=\"text-decoration: underline;\">Description<\/span>: Douleur \u00e0 l&#8217;effort parfois responsable d&#8217;une boiterie ou emp\u00eachant la marche (localisation pied, tibia, f\u00e9mur bassin et hanche chez le coureur \u00e0 pied)<\/p>\n<p><span style=\"text-decoration: underline;\">Premiers soins<\/span><\/p>\n<p><span style=\"text-decoration: underline;\">Examens<\/span>: Radios Scintigraphie osseuse, IRM ou scanner<\/p>\n<p><span style=\"text-decoration: underline;\">Repos<\/span>: \u00a06 \u00e0 10 semaines selon la localisation<\/p>\n","protected":false},"excerpt":{"rendered":"<p>P\u00e9riostites Description: Douleur et gonflement de la zone atteinte qui se situe au tiers inf\u00e9rieur du tibia chez le coureur. Le p\u00e9rioste est la membrane qui entoure l&#8217;os. La pratique de la course \u00e0 pied devient tr\u00e8s douloureuse. Premiers soins: &hellip; <a href=\"http:\/\/www.ajpc-chaumont.fr\/?page_id=893\">Continue reading <span class=\"meta-nav\">&rarr;<\/span><\/a><\/p>\n","protected":false},"author":12,"featured_media":0,"parent":891,"menu_order":0,"comment_status":"closed","ping_status":"open","template":"","meta":{"_s2mail":"","footnotes":""},"_links":{"self":[{"href":"http:\/\/www.ajpc-chaumont.fr\/index.php?rest_route=\/wp\/v2\/pages\/893"}],"collection":[{"href":"http:\/\/www.ajpc-chaumont.fr\/index.php?rest_route=\/wp\/v2\/pages"}],"about":[{"href":"http:\/\/www.ajpc-chaumont.fr\/index.php?rest_route=\/wp\/v2\/types\/page"}],"author":[{"embeddable":true,"href":"http:\/\/www.ajpc-chaumont.fr\/index.php?rest_route=\/wp\/v2\/users\/12"}],"replies":[{"embeddable":true,"href":"http:\/\/www.ajpc-chaumont.fr\/index.php?rest_route=%2Fwp%2Fv2%2Fcomments&post=893"}],"version-history":[{"count":1,"href":"http:\/\/www.ajpc-chaumont.fr\/index.php?rest_route=\/wp\/v2\/pages\/893\/revisions"}],"predecessor-version":[{"id":894,"href":"http:\/\/www.ajpc-chaumont.fr\/index.php?rest_route=\/wp\/v2\/pages\/893\/revisions\/894"}],"up":[{"embeddable":true,"href":"http:\/\/www.ajpc-chaumont.fr\/index.php?rest_route=\/wp\/v2\/pages\/891"}],"wp:attachment":[{"href":"http:\/\/www.ajpc-chaumont.fr\/index.php?rest_route=%2Fwp%2Fv2%2Fmedia&parent=893"}],"curies":[{"name":"wp","href":"https:\/\/api.w.org\/{rel}","templated":true}]}}