{"id":896,"date":"2011-10-29T12:48:04","date_gmt":"2011-10-29T10:48:04","guid":{"rendered":"http:\/\/www.ajpc-chaumont.fr\/?page_id=896"},"modified":"2011-10-29T12:48:04","modified_gmt":"2011-10-29T10:48:04","slug":"blessures-articulaires","status":"publish","type":"page","link":"http:\/\/www.ajpc-chaumont.fr\/?page_id=896","title":{"rendered":"Blessures articulaires"},"content":{"rendered":"<p><strong>Les entorses<\/strong>\u00a0 (Cheville, genoux)<\/p>\n<p><span style=\"text-decoration: underline;\">Description<\/span>:\u00a0 Distension ou rupture des ligaments apr\u00e8s une torsion.<\/p>\n<p><span style=\"text-decoration: underline;\">Premiers soins<\/span>: Gla\u00e7age imm\u00e9diat, bande de contention.<\/p>\n<p><span style=\"text-decoration: underline;\">Examens<\/span>: Radio si suspicion de fracture.<\/p>\n<p><span style=\"text-decoration: underline;\">Repos<\/span>: Arr\u00eat de 10 \u00e0 30 jours selon la gravit\u00e9 de l&#8217;entorse.<\/p>\n","protected":false},"excerpt":{"rendered":"<p>Les entorses\u00a0 (Cheville, genoux) Description:\u00a0 Distension ou rupture des ligaments apr\u00e8s une torsion. Premiers soins: Gla\u00e7age imm\u00e9diat, bande de contention. Examens: Radio si suspicion de fracture. Repos: Arr\u00eat de 10 \u00e0 30 jours selon la gravit\u00e9 de l&#8217;entorse.<\/p>\n","protected":false},"author":12,"featured_media":0,"parent":891,"menu_order":0,"comment_status":"closed","ping_status":"open","template":"","meta":{"_s2mail":"","footnotes":""},"_links":{"self":[{"href":"http:\/\/www.ajpc-chaumont.fr\/index.php?rest_route=\/wp\/v2\/pages\/896"}],"collection":[{"href":"http:\/\/www.ajpc-chaumont.fr\/index.php?rest_route=\/wp\/v2\/pages"}],"about":[{"href":"http:\/\/www.ajpc-chaumont.fr\/index.php?rest_route=\/wp\/v2\/types\/page"}],"author":[{"embeddable":true,"href":"http:\/\/www.ajpc-chaumont.fr\/index.php?rest_route=\/wp\/v2\/users\/12"}],"replies":[{"embeddable":true,"href":"http:\/\/www.ajpc-chaumont.fr\/index.php?rest_route=%2Fwp%2Fv2%2Fcomments&post=896"}],"version-history":[{"count":1,"href":"http:\/\/www.ajpc-chaumont.fr\/index.php?rest_route=\/wp\/v2\/pages\/896\/revisions"}],"predecessor-version":[{"id":897,"href":"http:\/\/www.ajpc-chaumont.fr\/index.php?rest_route=\/wp\/v2\/pages\/896\/revisions\/897"}],"up":[{"embeddable":true,"href":"http:\/\/www.ajpc-chaumont.fr\/index.php?rest_route=\/wp\/v2\/pages\/891"}],"wp:attachment":[{"href":"http:\/\/www.ajpc-chaumont.fr\/index.php?rest_route=%2Fwp%2Fv2%2Fmedia&parent=896"}],"curies":[{"name":"wp","href":"https:\/\/api.w.org\/{rel}","templated":true}]}}