{"id":910,"date":"2011-10-29T13:01:56","date_gmt":"2011-10-29T11:01:56","guid":{"rendered":"http:\/\/www.ajpc-chaumont.fr\/?page_id=910"},"modified":"2011-10-29T13:07:21","modified_gmt":"2011-10-29T11:07:21","slug":"les-periostites","status":"publish","type":"page","link":"http:\/\/www.ajpc-chaumont.fr\/?page_id=910","title":{"rendered":"Les p\u00e9riostites"},"content":{"rendered":"<p><strong><\/strong><span style=\"text-decoration: underline;\">Description<\/span> : Douleur et gonflement de la zone atteinte qui se situe au tiers inf\u00e9rieur du tibia chez le coureur. Le p\u00e9rioste est la membrane qui entoure l&#8217;os. La pratique de la course \u00e0 pied devient tr\u00e8s douloureuse.<\/p>\n<p><span style=\"text-decoration: underline;\">Premiers soins<\/span> : Gla\u00e7age plusieurs fois par jour<\/p>\n<p><span style=\"text-decoration: underline;\">Examens<\/span> : Aucun ou scintigraphie osseuse ou IRM<\/p>\n<p><span style=\"text-decoration: underline;\">Repos<\/span> :\u00a0 Arr\u00eat de 10 \u00e0 45 jours.<\/p>\n","protected":false},"excerpt":{"rendered":"<p>Description : Douleur et gonflement de la zone atteinte qui se situe au tiers inf\u00e9rieur du tibia chez le coureur. Le p\u00e9rioste est la membrane qui entoure l&#8217;os. La pratique de la course \u00e0 pied devient tr\u00e8s douloureuse. Premiers soins &hellip; <a href=\"http:\/\/www.ajpc-chaumont.fr\/?page_id=910\">Continue reading <span class=\"meta-nav\">&rarr;<\/span><\/a><\/p>\n","protected":false},"author":12,"featured_media":0,"parent":893,"menu_order":0,"comment_status":"closed","ping_status":"closed","template":"","meta":{"_s2mail":"","footnotes":""},"_links":{"self":[{"href":"http:\/\/www.ajpc-chaumont.fr\/index.php?rest_route=\/wp\/v2\/pages\/910"}],"collection":[{"href":"http:\/\/www.ajpc-chaumont.fr\/index.php?rest_route=\/wp\/v2\/pages"}],"about":[{"href":"http:\/\/www.ajpc-chaumont.fr\/index.php?rest_route=\/wp\/v2\/types\/page"}],"author":[{"embeddable":true,"href":"http:\/\/www.ajpc-chaumont.fr\/index.php?rest_route=\/wp\/v2\/users\/12"}],"replies":[{"embeddable":true,"href":"http:\/\/www.ajpc-chaumont.fr\/index.php?rest_route=%2Fwp%2Fv2%2Fcomments&post=910"}],"version-history":[{"count":4,"href":"http:\/\/www.ajpc-chaumont.fr\/index.php?rest_route=\/wp\/v2\/pages\/910\/revisions"}],"predecessor-version":[{"id":916,"href":"http:\/\/www.ajpc-chaumont.fr\/index.php?rest_route=\/wp\/v2\/pages\/910\/revisions\/916"}],"up":[{"embeddable":true,"href":"http:\/\/www.ajpc-chaumont.fr\/index.php?rest_route=\/wp\/v2\/pages\/893"}],"wp:attachment":[{"href":"http:\/\/www.ajpc-chaumont.fr\/index.php?rest_route=%2Fwp%2Fv2%2Fmedia&parent=910"}],"curies":[{"name":"wp","href":"https:\/\/api.w.org\/{rel}","templated":true}]}}