{"id":919,"date":"2011-10-29T13:09:45","date_gmt":"2011-10-29T11:09:45","guid":{"rendered":"http:\/\/www.ajpc-chaumont.fr\/?page_id=919"},"modified":"2011-10-29T13:13:42","modified_gmt":"2011-10-29T11:13:42","slug":"arthroses-genou-et-hanche","status":"publish","type":"page","link":"http:\/\/www.ajpc-chaumont.fr\/?page_id=919","title":{"rendered":"Arthroses Genou et Hanche"},"content":{"rendered":"<p><span style=\"text-decoration: underline;\">Description<\/span>\u00a0: Douleur apparaissant apr\u00e8s l&#8217;effort et disparaissant au repos et ne g\u00eanant pas le sommeil. Au r\u00e9veil, douleur p\u00e9nible (genou et hanche)<\/p>\n<p><span style=\"text-decoration: underline;\">Premiers soins<\/span>\u00a0: Chaleur<\/p>\n<p><span style=\"text-decoration: underline;\">Examens<\/span>\u00a0: Radiographie<\/p>\n<p><span style=\"text-decoration: underline;\">Repos<\/span>\u00a0: Cela peut aller d&#8217;une diminution jusqu&#8217;\u00e0 un arr\u00eat total de la pratique de la course \u00e0 pied.<\/p>\n","protected":false},"excerpt":{"rendered":"<p>Description\u00a0: Douleur apparaissant apr\u00e8s l&#8217;effort et disparaissant au repos et ne g\u00eanant pas le sommeil. Au r\u00e9veil, douleur p\u00e9nible (genou et hanche) Premiers soins\u00a0: Chaleur Examens\u00a0: Radiographie Repos\u00a0: Cela peut aller d&#8217;une diminution jusqu&#8217;\u00e0 un arr\u00eat total de la pratique &hellip; <a href=\"http:\/\/www.ajpc-chaumont.fr\/?page_id=919\">Continue reading <span class=\"meta-nav\">&rarr;<\/span><\/a><\/p>\n","protected":false},"author":12,"featured_media":0,"parent":893,"menu_order":0,"comment_status":"closed","ping_status":"open","template":"","meta":{"_s2mail":"","footnotes":""},"_links":{"self":[{"href":"http:\/\/www.ajpc-chaumont.fr\/index.php?rest_route=\/wp\/v2\/pages\/919"}],"collection":[{"href":"http:\/\/www.ajpc-chaumont.fr\/index.php?rest_route=\/wp\/v2\/pages"}],"about":[{"href":"http:\/\/www.ajpc-chaumont.fr\/index.php?rest_route=\/wp\/v2\/types\/page"}],"author":[{"embeddable":true,"href":"http:\/\/www.ajpc-chaumont.fr\/index.php?rest_route=\/wp\/v2\/users\/12"}],"replies":[{"embeddable":true,"href":"http:\/\/www.ajpc-chaumont.fr\/index.php?rest_route=%2Fwp%2Fv2%2Fcomments&post=919"}],"version-history":[{"count":3,"href":"http:\/\/www.ajpc-chaumont.fr\/index.php?rest_route=\/wp\/v2\/pages\/919\/revisions"}],"predecessor-version":[{"id":921,"href":"http:\/\/www.ajpc-chaumont.fr\/index.php?rest_route=\/wp\/v2\/pages\/919\/revisions\/921"}],"up":[{"embeddable":true,"href":"http:\/\/www.ajpc-chaumont.fr\/index.php?rest_route=\/wp\/v2\/pages\/893"}],"wp:attachment":[{"href":"http:\/\/www.ajpc-chaumont.fr\/index.php?rest_route=%2Fwp%2Fv2%2Fmedia&parent=919"}],"curies":[{"name":"wp","href":"https:\/\/api.w.org\/{rel}","templated":true}]}}