{"id":942,"date":"2011-10-29T14:42:35","date_gmt":"2011-10-29T12:42:35","guid":{"rendered":"http:\/\/www.ajpc-chaumont.fr\/?page_id=942"},"modified":"2011-10-29T14:42:35","modified_gmt":"2011-10-29T12:42:35","slug":"aponevrosite-plantaire-ou-epine-calcaneenne","status":"publish","type":"page","link":"http:\/\/www.ajpc-chaumont.fr\/?page_id=942","title":{"rendered":"Aponevrosite plantaire ou \u00e9pine calcan\u00e9enne"},"content":{"rendered":"<p><span style=\"text-decoration: underline;\">Description<\/span>\u00a0: Douleur\u00a0 au talon avec impossibilit\u00e9 de courir ou m\u00eame de marcher en appui sur le talon. Les douleurs peuvent se calmer \u00e0 chaud et rendre le lever difficile le lendemain matin.<\/p>\n<p><span style=\"text-decoration: underline;\">Premiers soins<\/span>\u00a0: Aucun<\/p>\n<p><span style=\"text-decoration: underline;\">Examens<\/span>\u00a0: Radio. \u00c9cho\/ IRM pour les cas rebelles<\/p>\n<p><span style=\"text-decoration: underline;\">Repos<\/span>\u00a0: Aucun \u00e0 quelques semaines selon le stade<\/p>\n","protected":false},"excerpt":{"rendered":"<p>Description\u00a0: Douleur\u00a0 au talon avec impossibilit\u00e9 de courir ou m\u00eame de marcher en appui sur le talon. Les douleurs peuvent se calmer \u00e0 chaud et rendre le lever difficile le lendemain matin. Premiers soins\u00a0: Aucun Examens\u00a0: Radio. \u00c9cho\/ IRM pour &hellip; <a href=\"http:\/\/www.ajpc-chaumont.fr\/?page_id=942\">Continue reading <span class=\"meta-nav\">&rarr;<\/span><\/a><\/p>\n","protected":false},"author":12,"featured_media":0,"parent":940,"menu_order":0,"comment_status":"closed","ping_status":"open","template":"","meta":{"_s2mail":"","footnotes":""},"_links":{"self":[{"href":"http:\/\/www.ajpc-chaumont.fr\/index.php?rest_route=\/wp\/v2\/pages\/942"}],"collection":[{"href":"http:\/\/www.ajpc-chaumont.fr\/index.php?rest_route=\/wp\/v2\/pages"}],"about":[{"href":"http:\/\/www.ajpc-chaumont.fr\/index.php?rest_route=\/wp\/v2\/types\/page"}],"author":[{"embeddable":true,"href":"http:\/\/www.ajpc-chaumont.fr\/index.php?rest_route=\/wp\/v2\/users\/12"}],"replies":[{"embeddable":true,"href":"http:\/\/www.ajpc-chaumont.fr\/index.php?rest_route=%2Fwp%2Fv2%2Fcomments&post=942"}],"version-history":[{"count":1,"href":"http:\/\/www.ajpc-chaumont.fr\/index.php?rest_route=\/wp\/v2\/pages\/942\/revisions"}],"predecessor-version":[{"id":943,"href":"http:\/\/www.ajpc-chaumont.fr\/index.php?rest_route=\/wp\/v2\/pages\/942\/revisions\/943"}],"up":[{"embeddable":true,"href":"http:\/\/www.ajpc-chaumont.fr\/index.php?rest_route=\/wp\/v2\/pages\/940"}],"wp:attachment":[{"href":"http:\/\/www.ajpc-chaumont.fr\/index.php?rest_route=%2Fwp%2Fv2%2Fmedia&parent=942"}],"curies":[{"name":"wp","href":"https:\/\/api.w.org\/{rel}","templated":true}]}}