{"id":16238,"date":"2014-04-22T16:23:12","date_gmt":"2014-04-22T14:23:12","guid":{"rendered":"http:\/\/www.ajpc-chaumont.fr\/?page_id=16238"},"modified":"2014-04-22T16:23:12","modified_gmt":"2014-04-22T14:23:12","slug":"la-marche-nordique-tout-sauf-une-sinecure","status":"publish","type":"page","link":"https:\/\/www.ajpc-chaumont.fr\/?page_id=16238","title":{"rendered":"La marche nordique: tout sauf une sin\u00e9cure !"},"content":{"rendered":"<p>Article paru le 6 mars 2014 consacr\u00e9 \u00e0 la d\u00e9couverte de la marche nordique&#8230; qui prouve que c&#8217;est une activit\u00e9 exigeante.<\/p>\n<p>(cliquez sur l\u2019article pour l\u2019agrandir)<\/p>\n<p><a href=\"http:\/\/www.ajpc-chaumont.fr\/wp-content\/uploads\/2014\/04\/Marche-nordique-JHM-6-3-14.jpg\"><img loading=\"lazy\" decoding=\"async\" class=\"aligncenter  wp-image-16241\" src=\"https:\/\/www.ajpc-chaumont.fr\/wp-content\/themes\/grey-opaque\/plugins\/lazy-load\/images\/1x1.trans.gif\" data-lazy-src=\"http:\/\/www.ajpc-chaumont.fr\/wp-content\/uploads\/2014\/04\/Marche-nordique-JHM-6-3-14.jpg\" alt=\"Marche nordique JHM 6-3-14\" width=\"642\" height=\"526\" \/><noscript><img loading=\"lazy\" decoding=\"async\" class=\"aligncenter  wp-image-16241\" src=\"http:\/\/www.ajpc-chaumont.fr\/wp-content\/uploads\/2014\/04\/Marche-nordique-JHM-6-3-14.jpg\" alt=\"Marche nordique JHM 6-3-14\" width=\"642\" height=\"526\" \/><\/noscript><\/a><\/p>\n","protected":false},"excerpt":{"rendered":"<p>Article paru le 6 mars 2014 consacr\u00e9 \u00e0 la d\u00e9couverte de la marche nordique&#8230; qui prouve que c&#8217;est une activit\u00e9 exigeante. (cliquez sur l\u2019article pour l\u2019agrandir)<\/p>\n","protected":false},"author":12,"featured_media":0,"parent":782,"menu_order":6,"comment_status":"closed","ping_status":"closed","template":"","meta":{"_s2mail":"yes","footnotes":""},"_links":{"self":[{"href":"https:\/\/www.ajpc-chaumont.fr\/index.php?rest_route=\/wp\/v2\/pages\/16238"}],"collection":[{"href":"https:\/\/www.ajpc-chaumont.fr\/index.php?rest_route=\/wp\/v2\/pages"}],"about":[{"href":"https:\/\/www.ajpc-chaumont.fr\/index.php?rest_route=\/wp\/v2\/types\/page"}],"author":[{"embeddable":true,"href":"https:\/\/www.ajpc-chaumont.fr\/index.php?rest_route=\/wp\/v2\/users\/12"}],"replies":[{"embeddable":true,"href":"https:\/\/www.ajpc-chaumont.fr\/index.php?rest_route=%2Fwp%2Fv2%2Fcomments&post=16238"}],"version-history":[{"count":2,"href":"https:\/\/www.ajpc-chaumont.fr\/index.php?rest_route=\/wp\/v2\/pages\/16238\/revisions"}],"predecessor-version":[{"id":16242,"href":"https:\/\/www.ajpc-chaumont.fr\/index.php?rest_route=\/wp\/v2\/pages\/16238\/revisions\/16242"}],"up":[{"embeddable":true,"href":"https:\/\/www.ajpc-chaumont.fr\/index.php?rest_route=\/wp\/v2\/pages\/782"}],"wp:attachment":[{"href":"https:\/\/www.ajpc-chaumont.fr\/index.php?rest_route=%2Fwp%2Fv2%2Fmedia&parent=16238"}],"curies":[{"name":"wp","href":"https:\/\/api.w.org\/{rel}","templated":true}]}}