{"id":24904,"date":"2018-10-15T17:58:14","date_gmt":"2018-10-15T15:58:14","guid":{"rendered":"http:\/\/www.ajpc-chaumont.fr\/?page_id=24904"},"modified":"2018-10-29T10:04:27","modified_gmt":"2018-10-29T09:04:27","slug":"videos-le-soutien-rose","status":"publish","type":"page","link":"https:\/\/www.ajpc-chaumont.fr\/?page_id=24904","title":{"rendered":"Vid\u00e9os Le Soutien Rose"},"content":{"rendered":"<p>Quelques vid\u00e9os de cette fabuleuse journ\u00e9e. Trois de nos b\u00e9n\u00e9voles et une de la journaliste du JHM.<\/p>\n<div style=\"width: 500px;\" class=\"wp-video\"><!--[if lt IE 9]><script>document.createElement('video');<\/script><![endif]-->\n<video class=\"wp-video-shortcode\" id=\"video-24904-1\" width=\"500\" height=\"281\" preload=\"metadata\" controls=\"controls\"><source type=\"video\/mp4\" src=\"http:\/\/www.ajpc-chaumont.fr\/wp-content\/uploads\/2018\/10\/video-1538855180-1.mp4?_=1\" \/><a href=\"http:\/\/www.ajpc-chaumont.fr\/wp-content\/uploads\/2018\/10\/video-1538855180-1.mp4\">http:\/\/www.ajpc-chaumont.fr\/wp-content\/uploads\/2018\/10\/video-1538855180-1.mp4<\/a><\/video><\/div>\n<p>&nbsp;<\/p>\n<div style=\"width: 500px;\" class=\"wp-video\"><video class=\"wp-video-shortcode\" id=\"video-24904-2\" width=\"500\" height=\"281\" preload=\"metadata\" controls=\"controls\"><source type=\"video\/mp4\" src=\"http:\/\/www.ajpc-chaumont.fr\/wp-content\/uploads\/2018\/10\/video-1538855480-1.mp4?_=2\" \/><a href=\"http:\/\/www.ajpc-chaumont.fr\/wp-content\/uploads\/2018\/10\/video-1538855480-1.mp4\">http:\/\/www.ajpc-chaumont.fr\/wp-content\/uploads\/2018\/10\/video-1538855480-1.mp4<\/a><\/video><\/div>\n<p>&nbsp;<\/p>\n<div style=\"width: 500px;\" class=\"wp-video\"><video class=\"wp-video-shortcode\" id=\"video-24904-3\" width=\"500\" height=\"281\" preload=\"metadata\" controls=\"controls\"><source type=\"video\/mp4\" src=\"http:\/\/www.ajpc-chaumont.fr\/wp-content\/uploads\/2018\/10\/video-1538855277-1.mp4?_=3\" \/><a href=\"http:\/\/www.ajpc-chaumont.fr\/wp-content\/uploads\/2018\/10\/video-1538855277-1.mp4\">http:\/\/www.ajpc-chaumont.fr\/wp-content\/uploads\/2018\/10\/video-1538855277-1.mp4<\/a><\/video><\/div>\n<p>&nbsp;<\/p>\n<div style=\"width: 500px;\" class=\"wp-video\"><video class=\"wp-video-shortcode\" id=\"video-24904-4\" width=\"500\" height=\"281\" preload=\"metadata\" controls=\"controls\"><source type=\"video\/mp4\" src=\"http:\/\/www.ajpc-chaumont.fr\/wp-content\/uploads\/2018\/10\/maree-rose-maladiere-julie-arnoux.mp4?_=4\" \/><a href=\"http:\/\/www.ajpc-chaumont.fr\/wp-content\/uploads\/2018\/10\/maree-rose-maladiere-julie-arnoux.mp4\">http:\/\/www.ajpc-chaumont.fr\/wp-content\/uploads\/2018\/10\/maree-rose-maladiere-julie-arnoux.mp4<\/a><\/video><\/div>\n","protected":false},"excerpt":{"rendered":"<p>Quelques vid\u00e9os de cette fabuleuse journ\u00e9e. Trois de nos b\u00e9n\u00e9voles et une de la journaliste du JHM. &nbsp; &nbsp; &nbsp;<\/p>\n","protected":false},"author":12,"featured_media":0,"parent":23784,"menu_order":0,"comment_status":"closed","ping_status":"closed","template":"","meta":{"_s2mail":"yes","footnotes":""},"_links":{"self":[{"href":"https:\/\/www.ajpc-chaumont.fr\/index.php?rest_route=\/wp\/v2\/pages\/24904"}],"collection":[{"href":"https:\/\/www.ajpc-chaumont.fr\/index.php?rest_route=\/wp\/v2\/pages"}],"about":[{"href":"https:\/\/www.ajpc-chaumont.fr\/index.php?rest_route=\/wp\/v2\/types\/page"}],"author":[{"embeddable":true,"href":"https:\/\/www.ajpc-chaumont.fr\/index.php?rest_route=\/wp\/v2\/users\/12"}],"replies":[{"embeddable":true,"href":"https:\/\/www.ajpc-chaumont.fr\/index.php?rest_route=%2Fwp%2Fv2%2Fcomments&post=24904"}],"version-history":[{"count":6,"href":"https:\/\/www.ajpc-chaumont.fr\/index.php?rest_route=\/wp\/v2\/pages\/24904\/revisions"}],"predecessor-version":[{"id":25511,"href":"https:\/\/www.ajpc-chaumont.fr\/index.php?rest_route=\/wp\/v2\/pages\/24904\/revisions\/25511"}],"up":[{"embeddable":true,"href":"https:\/\/www.ajpc-chaumont.fr\/index.php?rest_route=\/wp\/v2\/pages\/23784"}],"wp:attachment":[{"href":"https:\/\/www.ajpc-chaumont.fr\/index.php?rest_route=%2Fwp%2Fv2%2Fmedia&parent=24904"}],"curies":[{"name":"wp","href":"https:\/\/api.w.org\/{rel}","templated":true}]}}