{"id":2637,"date":"2013-07-13T09:43:41","date_gmt":"2013-07-13T07:43:41","guid":{"rendered":"http:\/\/www.ajpc-chaumont.fr\/?page_id=2637"},"modified":"2013-07-13T09:43:41","modified_gmt":"2013-07-13T07:43:41","slug":"test-vma-2","status":"publish","type":"page","link":"https:\/\/www.ajpc-chaumont.fr\/?page_id=2637","title":{"rendered":"Test VMA"},"content":{"rendered":"<h1>Calculer et estimer sa VMA<\/h1>\n<p><strong>Plusieurs tests possibles en fonction de votre forme et des conditions mat\u00e9rielles:<\/strong><\/p>\n<p><strong>1. Vous n&#8217;\u00eates pas capable de courir 30&#8242;\u00a0 en footing<\/strong><\/p>\n<ul>\n<li>inutile de passer\u00a0 un test, suivez uniquement les plans d\u00e9butants en respectant nos indications.<\/li>\n<\/ul>\n<p><strong>2. Vous \u00eates en club et avez le mat\u00e9riel\u00a0 n\u00e9cessaire <\/strong>( piste, cassette du test, tableau de conversion, jeu de plots).<\/p>\n<ul>\n<li>Nous pr\u00e9conisons\u00a0 le test VMA\u00a0 par paliers VAMEVAL.<\/li>\n<\/ul>\n<p><strong>3. Vous pouvez faire 30 min\u00a0 de\u00a0 footing sans vous arr\u00eater ou \u00eates en d\u00e9but de saison:<\/strong><\/p>\n<ul>\n<li>Nous pr\u00e9conisons\u00a0 un test VMA en dur\u00e9e de 3&#8242;<\/li>\n<\/ul>\n<p><strong>4. Vous \u00eates coureur exp\u00e9riment\u00e9 et en\u00a0 forme<\/strong><\/p>\n<ul>\n<li>Nous pr\u00e9conisons\u00a0 un test VMA en dur\u00e9e de 4&#8242;<\/li>\n<\/ul>\n<p><strong>5. Vous n&#8217;avez pas de piste \u00e0\u00a0 disposition :<\/strong><\/p>\n<ul>\n<li>Etalonnez un\u00a0 parcours plat et roulant de 1km et faites le test sur 1km d\u00e9duisez en la\u00a0 vitesse moyenne obtenue<\/li>\n<\/ul>\n<p>&nbsp;<\/p>\n<h2><strong>D\u00e9roulement et\u00a0 principes des tests de 3 ou 4&#8242;<\/strong><\/h2>\n<p>Ces\u00a0 tests de 3\u2019\u00a0 ou 4\u2019\u00a0 s&#8217;effectue sur une piste d\u2019athl\u00e9tisme apr\u00e8s un \u00e9chauffement classique (20\u2019 de footing + assouplissements\u00a0 + 2 ou 3 lignes droites de 100m en acc\u00e9l\u00e9ration progressive).<\/p>\n<p>Il\u00a0 s&#8217;agit ensuite de couvrir le plus de distance possible durant ces 3&#8242; ou 4&#8242;.<br \/>\n\u00c9valuez par la suite la distance parcourue et par un simple calcul math\u00e9matique<br \/>\nd\u00e9duisez la vitesse moyenne obtenue pendant ce laps de temps<\/p>\n<p>Test VMA de\u00a0 3&#8242; : Vitesse= Distance (km) \/ 0.05<\/p>\n<p>Test de VMA\u00a0 4&#8242; : Vitesse= Distance (km) \/ 0.067<\/p>\n<p><strong>exemple:<\/strong> \u00a0\u00a0Vous avez parcouru 800m en 3&#8242;<\/p>\n<p>800m = 0,8km<\/p>\n<p>Vitesse = 0,8\u00a0 \/ 0,05 = 16km\/h<\/p>\n","protected":false},"excerpt":{"rendered":"<p>Calculer et estimer sa VMA Plusieurs tests possibles en fonction de votre forme et des conditions mat\u00e9rielles: 1. Vous n&#8217;\u00eates pas capable de courir 30&#8242;\u00a0 en footing inutile de passer\u00a0 un test, suivez uniquement les plans d\u00e9butants en respectant nos &hellip; <a href=\"https:\/\/www.ajpc-chaumont.fr\/?page_id=2637\">Continue reading <span class=\"meta-nav\">&rarr;<\/span><\/a><\/p>\n","protected":false},"author":12,"featured_media":0,"parent":136,"menu_order":0,"comment_status":"closed","ping_status":"closed","template":"","meta":{"_s2mail":"yes","footnotes":""},"_links":{"self":[{"href":"https:\/\/www.ajpc-chaumont.fr\/index.php?rest_route=\/wp\/v2\/pages\/2637"}],"collection":[{"href":"https:\/\/www.ajpc-chaumont.fr\/index.php?rest_route=\/wp\/v2\/pages"}],"about":[{"href":"https:\/\/www.ajpc-chaumont.fr\/index.php?rest_route=\/wp\/v2\/types\/page"}],"author":[{"embeddable":true,"href":"https:\/\/www.ajpc-chaumont.fr\/index.php?rest_route=\/wp\/v2\/users\/12"}],"replies":[{"embeddable":true,"href":"https:\/\/www.ajpc-chaumont.fr\/index.php?rest_route=%2Fwp%2Fv2%2Fcomments&post=2637"}],"version-history":[{"count":1,"href":"https:\/\/www.ajpc-chaumont.fr\/index.php?rest_route=\/wp\/v2\/pages\/2637\/revisions"}],"predecessor-version":[{"id":2639,"href":"https:\/\/www.ajpc-chaumont.fr\/index.php?rest_route=\/wp\/v2\/pages\/2637\/revisions\/2639"}],"up":[{"embeddable":true,"href":"https:\/\/www.ajpc-chaumont.fr\/index.php?rest_route=\/wp\/v2\/pages\/136"}],"wp:attachment":[{"href":"https:\/\/www.ajpc-chaumont.fr\/index.php?rest_route=%2Fwp%2Fv2%2Fmedia&parent=2637"}],"curies":[{"name":"wp","href":"https:\/\/api.w.org\/{rel}","templated":true}]}}