{"id":28396,"date":"2023-07-10T22:46:18","date_gmt":"2023-07-10T20:46:18","guid":{"rendered":"http:\/\/www.ajpc-chaumont.fr\/?page_id=28396"},"modified":"2023-07-10T22:53:47","modified_gmt":"2023-07-10T20:53:47","slug":"semaine-a-morzine","status":"publish","type":"page","link":"https:\/\/www.ajpc-chaumont.fr\/?page_id=28396","title":{"rendered":"Semaine \u00e0 Morzine"},"content":{"rendered":"\n<p>La section marche nordique avait organis\u00e9 une sortie d\u2019une semaine \u00e0 Morzine du 10 au 17 juin.<\/p>\n\n\n\n<p>Parmi les 33 participants, une majorit\u00e9 de marcheurs mais aussi quelques coureurs avaient fait le d\u00e9placement en covoiturage.<\/p>\n\n\n\n<p>Sur place, nous avions 3 guides \u00e0 notre disposition pour nous faire d\u00e9couvrir les nombreux cols et vall\u00e9es autour de Morzine-Avoriaz; nous avons donc fait 3 groupes de niveau en fonction de la forme et des envies de chacun.<\/p>\n\n\n\n<p>Les guides avaient \u00e9tabli un programme pour la semaine qui a du \u00eatre modifi\u00e9 en fonction de la m\u00e9t\u00e9o locale, ce qui nous a permis d\u2019\u00e9viter la pluie toute la semaine ce qui n\u2019\u00e9tait pas \u00e9vident au vu des pr\u00e9visions peu encourageantes.<\/p>\n\n\n\n<p>Magnifiques paysages, beaux d\u00e9nivel\u00e9s, tout le monde a \u00e9t\u00e9 tr\u00e8s satisfait de cette semaine, certes fatigante mais au combien enrichissante et conviviale.<\/p>\n\n\n\n<p>Piscine, Hammam, Jacuzzi, Sauna, Karaok\u00e9, Soir\u00e9e dansante, visite nocturne, d\u00e9gustation de produits locaux \u00e9taient aussi compris dans le s\u00e9jour sans compter un h\u00e9bergement et surtout une restauration de qualit\u00e9.<\/p>\n\n\n\n<p>Superbe semaine sur tous les plans qui s\u2019est termin\u00e9e en apoth\u00e9ose par un ap\u00e9ro g\u00e9ant au bord du Lac de Montriond.<\/p>\n\n\n\n<p>Prochaine sortie de la section Marche Nordique du 9 au 16 septembre au Reverdi ( aux environs de Port Grimaud ) pour des ballades dans le massif de l\u2019Est\u00e9rel .<\/p>\n\n\n\n<p>Il reste quelques places<\/p>\n\n\n\n<p>Avis aux amateurs<\/p>\n\n\n\n<style type=\"text\/css\">\r\n\t#slgf_28321 .gallery1 {\r\n\t\tdisplay: block !important;\r\n\t\twidth: 100% !important;\r\n\t\tmargin: 0 -5px !important; \/* Offset padding *\/\r\n\t}\r\n\t\r\n\t\/* Clearfix for container *\/\r\n\t#slgf_28321 .gallery1:after {\r\n\t\tcontent: '';\r\n\t\tdisplay: block;\r\n\t\tclear: both;\r\n\t}\r\n\r\n\t#slgf_28321 .wl-gallery {\r\n\t\tfloat: left !important;\r\n\t\tbox-sizing: border-box !important;\r\n\t\tpadding: 0 5px 10px 5px !important; \/* Horizontal padding + bottom margin *\/\r\n\t\tmargin: 0 !important;\r\n\t}\r\n\r\n\t\/* Two Column Layout *\/\r\n\t#slgf_28321 .col-md-6 {\r\n\t\twidth: 50% !important;\r\n\t}\r\n\r\n\t\/* Three Column Layout *\/\r\n\t#slgf_28321 .col-md-4 {\r\n\t\twidth: 33.33% !important;\r\n\t}\r\n\r\n\t#slgf_28321 .col-md-3 {\r\n\t\twidth: 25% !important;\r\n\t}\r\n\r\n\t#slgf_28321 .col-md-2 {\r\n\t\twidth: 16.66% !important;\r\n\t}\r\n\r\n\t#slgf_28321 .b-link-stroke .b-top-line {\r\n\t\tbackground: rgba(10, 194, 210, 0.5);\r\n\t}\r\n\r\n\t#slgf_28321 .b-link-stroke .b-bottom-line {\r\n\t\tbackground: rgba(10, 194, 210, 0.5);\r\n\t}\r\n\r\n\t#slgf_28321 .b-wrapper {\r\n\t\tfont-family: font-name;\r\n\t}\r\n\r\n\t#slgf_28321 .slgf_home_portfolio_caption {\r\n\t\tbackground: #FFFFFF;\r\n\t}\r\n\r\n\t#slgf_28321 .slgf_home_portfolio_caption h3 {\r\n\t\tcolor: #000000;\r\n\t}\r\n\r\n\t#slgf_28321 .slg_title_class {\r\n\t\tfont-weight: bolder;\r\n\t\tpadding-bottom: 20px;\r\n\t\tborder-bottom: 2px solid #cccccc;\r\n\t\tmargin-bottom: 20px;\r\n\t\tfont-family: font-name;\r\n\t\tcolor: #2271b1;\r\n\t}\r\n\t.fnf {\r\n\tbackground-color: #a92929;\r\n\tborder-radius: 5px;\r\n\tcolor: #fff;\r\n\tfont-family: initial;\r\n\ttext-align: center;\r\n\tpadding: 12px;\r\n\t}\r\n\t#slgf_28321 .img-box-shadow { box-shadow: 0 0 6px rgba(0, 0, 0, .7); }<\/style>\t\r\n\t<div class=\"gal-container\" id=\"slgf_28321\">\r\n\t\t\t\t\t<!--get the post id-->\r\n\t\t\t\r\n\t\t\t<!--Gallery Title-->\r\n\t\t\t\t\t\t\t<div class=\"slg_title_class\">\r\n\t\t\t\t\tSemaine \u00e0 Morzine 2023\t\t\t\t<\/div>\r\n\t\t\t\t\t\t<div class=\"row\">\r\n\r\n\t\t\t\t<div class=\"gallery1 lightgallery_28321\">\r\n\t\t\t\t\t\t\t\t\t<\/div>\r\n\t\t\t<\/div>\r\n\t\t\t<\/div>\r\n\r\n\t<!-- Swipe Box-->\r\n\t\n","protected":false},"excerpt":{"rendered":"<p>La section marche nordique avait organis\u00e9 une sortie d\u2019une semaine \u00e0 Morzine du 10 au 17 juin. Parmi les 33 participants, une majorit\u00e9 de marcheurs mais aussi quelques coureurs avaient fait le d\u00e9placement en covoiturage. Sur place, nous avions 3 &hellip; <a href=\"https:\/\/www.ajpc-chaumont.fr\/?slgf_slider=semaine-a-morzine-2023\">Continue reading <span class=\"meta-nav\">&rarr;<\/span><\/a><\/p>\n","protected":false},"author":12,"featured_media":0,"parent":28295,"menu_order":0,"comment_status":"closed","ping_status":"closed","template":"","meta":{"_s2mail":"","footnotes":""},"_links":{"self":[{"href":"https:\/\/www.ajpc-chaumont.fr\/index.php?rest_route=\/wp\/v2\/pages\/28396"}],"collection":[{"href":"https:\/\/www.ajpc-chaumont.fr\/index.php?rest_route=\/wp\/v2\/pages"}],"about":[{"href":"https:\/\/www.ajpc-chaumont.fr\/index.php?rest_route=\/wp\/v2\/types\/page"}],"author":[{"embeddable":true,"href":"https:\/\/www.ajpc-chaumont.fr\/index.php?rest_route=\/wp\/v2\/users\/12"}],"replies":[{"embeddable":true,"href":"https:\/\/www.ajpc-chaumont.fr\/index.php?rest_route=%2Fwp%2Fv2%2Fcomments&post=28396"}],"version-history":[{"count":2,"href":"https:\/\/www.ajpc-chaumont.fr\/index.php?rest_route=\/wp\/v2\/pages\/28396\/revisions"}],"predecessor-version":[{"id":28399,"href":"https:\/\/www.ajpc-chaumont.fr\/index.php?rest_route=\/wp\/v2\/pages\/28396\/revisions\/28399"}],"up":[{"embeddable":true,"href":"https:\/\/www.ajpc-chaumont.fr\/index.php?rest_route=\/wp\/v2\/pages\/28295"}],"wp:attachment":[{"href":"https:\/\/www.ajpc-chaumont.fr\/index.php?rest_route=%2Fwp%2Fv2%2Fmedia&parent=28396"}],"curies":[{"name":"wp","href":"https:\/\/api.w.org\/{rel}","templated":true}]}}