{"id":28453,"date":"2023-08-21T16:52:17","date_gmt":"2023-08-21T14:52:17","guid":{"rendered":"http:\/\/www.ajpc-chaumont.fr\/?page_id=28453"},"modified":"2025-07-09T11:31:07","modified_gmt":"2025-07-09T09:31:07","slug":"bulletin-dadhesion-23-24","status":"publish","type":"page","link":"https:\/\/www.ajpc-chaumont.fr\/?page_id=28453","title":{"rendered":"Bulletin d&#8217;adh\u00e9sion 25\/26"},"content":{"rendered":"\n<p>En adh\u00e9rant \u00e0 l&#8217;AJPC c&#8217;est l&#8217;assurance de se maintenir en forme en toute convivialit\u00e9 ! <br>Le moment des venu d&#8217;adh\u00e9rer ou de renouveler votre adh\u00e9sion pour 25 \u20ac pour une personne seule et 45\u20ac pour un couple quelque soit l&#8217;activit\u00e9 pratiqu\u00e9e (course \u00e0 pied ou marche nordique) pour l\/a nouvelle saison qui d\u00e9bute le 1<sup>er<\/sup> septembre 2025.<\/p>\n\n\n\n<p>Vous trouverez donc ci-joint le bulletin d&#8217;inscription&nbsp;2025\/2026 en ligne.<\/p>\n\n\n\n<p><a href=\"https:\/\/www.helloasso.com\/associations\/association-des-joggeurs-du-pays-chaumontais\/adhesions\/bulletin-d-adhesion-2025-2026\">https:\/\/www.helloasso.com\/associations\/association-des-joggeurs-du-pays-chaumontais\/adhesions\/bulletin-d-adhesion-2025-2026<\/a><\/p>\n\n\n\n<p>Vous pouvez \u00e9galement t\u00e9l\u00e9charger le bulletin en version Word et PDF et le faire parvenir \u00e0 vos encadrants habituels.<\/p>\n\n\n\n<figure class=\"wp-block-image is-resized is-style-default\"><a href=\"http:\/\/www.ajpc-chaumont.fr\/wp-content\/uploads\/2025\/07\/AJPC-Bulletin-adhesion-2025-2026.pdf\" target=\"_blank\" rel=\"noreferrer noopener\"><img decoding=\"async\" src=\"https:\/\/www.ajpc-chaumont.fr\/wp-content\/themes\/grey-opaque\/plugins\/lazy-load\/images\/1x1.trans.gif\" data-lazy-src=\"http:\/\/www.ajpc-chaumont.fr\/wp-content\/uploads\/2011\/10\/logo-pdf-150x150.png\" alt=\"\" style=\"width:100px;height:100px\" title=\"logo pdf\"\/><noscript><img decoding=\"async\" src=\"http:\/\/www.ajpc-chaumont.fr\/wp-content\/uploads\/2011\/10\/logo-pdf-150x150.png\" alt=\"\" style=\"width:100px;height:100px\" title=\"logo pdf\"\/><\/noscript><\/a><\/figure>\n","protected":false},"excerpt":{"rendered":"<p>En adh\u00e9rant \u00e0 l&#8217;AJPC c&#8217;est l&#8217;assurance de se maintenir en forme en toute convivialit\u00e9 ! Le moment des venu d&#8217;adh\u00e9rer ou de renouveler votre adh\u00e9sion pour 25 \u20ac pour une personne seule et 45\u20ac pour un couple quelque soit l&#8217;activit\u00e9 &hellip; <a href=\"https:\/\/www.ajpc-chaumont.fr\/?page_id=28453\">Continue reading <span class=\"meta-nav\">&rarr;<\/span><\/a><\/p>\n","protected":false},"author":12,"featured_media":0,"parent":40,"menu_order":0,"comment_status":"closed","ping_status":"closed","template":"","meta":{"_s2mail":"","footnotes":""},"_links":{"self":[{"href":"https:\/\/www.ajpc-chaumont.fr\/index.php?rest_route=\/wp\/v2\/pages\/28453"}],"collection":[{"href":"https:\/\/www.ajpc-chaumont.fr\/index.php?rest_route=\/wp\/v2\/pages"}],"about":[{"href":"https:\/\/www.ajpc-chaumont.fr\/index.php?rest_route=\/wp\/v2\/types\/page"}],"author":[{"embeddable":true,"href":"https:\/\/www.ajpc-chaumont.fr\/index.php?rest_route=\/wp\/v2\/users\/12"}],"replies":[{"embeddable":true,"href":"https:\/\/www.ajpc-chaumont.fr\/index.php?rest_route=%2Fwp%2Fv2%2Fcomments&post=28453"}],"version-history":[{"count":17,"href":"https:\/\/www.ajpc-chaumont.fr\/index.php?rest_route=\/wp\/v2\/pages\/28453\/revisions"}],"predecessor-version":[{"id":29450,"href":"https:\/\/www.ajpc-chaumont.fr\/index.php?rest_route=\/wp\/v2\/pages\/28453\/revisions\/29450"}],"up":[{"embeddable":true,"href":"https:\/\/www.ajpc-chaumont.fr\/index.php?rest_route=\/wp\/v2\/pages\/40"}],"wp:attachment":[{"href":"https:\/\/www.ajpc-chaumont.fr\/index.php?rest_route=%2Fwp%2Fv2%2Fmedia&parent=28453"}],"curies":[{"name":"wp","href":"https:\/\/api.w.org\/{rel}","templated":true}]}}