{"id":29269,"date":"2024-12-26T10:44:33","date_gmt":"2024-12-26T09:44:33","guid":{"rendered":"http:\/\/www.ajpc-chaumont.fr\/?page_id=29269"},"modified":"2025-11-12T13:56:22","modified_gmt":"2025-11-12T12:56:22","slug":"ag-2024","status":"publish","type":"page","link":"https:\/\/www.ajpc-chaumont.fr\/?page_id=29269","title":{"rendered":"Assembl\u00e9e G\u00e9n\u00e9rale"},"content":{"rendered":"\n<style type=\"text\/css\">\r\n\t#slgf_29263 .gallery1 {\r\n\t\tdisplay: block !important;\r\n\t\twidth: 100% !important;\r\n\t\tmargin: 0 -5px !important; \/* Offset padding *\/\r\n\t}\r\n\t\r\n\t\/* Clearfix for container *\/\r\n\t#slgf_29263 .gallery1:after {\r\n\t\tcontent: '';\r\n\t\tdisplay: block;\r\n\t\tclear: both;\r\n\t}\r\n\r\n\t#slgf_29263 .wl-gallery {\r\n\t\tfloat: left !important;\r\n\t\tbox-sizing: border-box !important;\r\n\t\tpadding: 0 5px 10px 5px !important; \/* Horizontal padding + bottom margin *\/\r\n\t\tmargin: 0 !important;\r\n\t}\r\n\r\n\t\/* Two Column Layout *\/\r\n\t#slgf_29263 .col-md-6 {\r\n\t\twidth: 50% !important;\r\n\t}\r\n\r\n\t\/* Three Column Layout *\/\r\n\t#slgf_29263 .col-md-4 {\r\n\t\twidth: 33.33% !important;\r\n\t}\r\n\r\n\t#slgf_29263 .col-md-3 {\r\n\t\twidth: 25% !important;\r\n\t}\r\n\r\n\t#slgf_29263 .col-md-2 {\r\n\t\twidth: 16.66% !important;\r\n\t}\r\n\r\n\t#slgf_29263 .b-link-stroke .b-top-line {\r\n\t\tbackground: rgba(10, 194, 210, 0.5);\r\n\t}\r\n\r\n\t#slgf_29263 .b-link-stroke .b-bottom-line {\r\n\t\tbackground: rgba(10, 194, 210, 0.5);\r\n\t}\r\n\r\n\t#slgf_29263 .b-wrapper {\r\n\t\tfont-family: Arial;\r\n\t}\r\n\r\n\t#slgf_29263 .slgf_home_portfolio_caption {\r\n\t\tbackground: #FFFFFF;\r\n\t}\r\n\r\n\t#slgf_29263 .slgf_home_portfolio_caption h3 {\r\n\t\tcolor: ;\r\n\t}\r\n\r\n\t#slgf_29263 .slg_title_class {\r\n\t\tfont-weight: bolder;\r\n\t\tpadding-bottom: 20px;\r\n\t\tborder-bottom: 2px solid #cccccc;\r\n\t\tmargin-bottom: 20px;\r\n\t\tfont-family: Arial;\r\n\t\tcolor: #2271b1;\r\n\t}\r\n\t.fnf {\r\n\tbackground-color: #a92929;\r\n\tborder-radius: 5px;\r\n\tcolor: #fff;\r\n\tfont-family: initial;\r\n\ttext-align: center;\r\n\tpadding: 12px;\r\n\t}\r\n\t#slgf_29263 .img-box-shadow { box-shadow: 0 0 6px rgba(0, 0, 0, .7); }<\/style>\t\r\n\t<div class=\"gal-container\" id=\"slgf_29263\">\r\n\t\t\t\t\t<!--get the post id-->\r\n\t\t\t\r\n\t\t\t<!--Gallery Title-->\r\n\t\t\t\t\t\t\t<div class=\"slg_title_class\">\r\n\t\t\t\t\tAG 2024\t\t\t\t<\/div>\r\n\t\t\t\t\t\t<div class=\"row\">\r\n\r\n\t\t\t\t<div class=\"gallery1 lightgallery_29263\">\r\n\t\t\t\t\t\t\t\t\t\t\t\t<div class=\"col-md-6 col-sm-6 wl-gallery\"\r\n\t\t\t\t\t\t\t\tdata-src=\"http:\/\/www.ajpc-chaumont.fr\/wp-content\/uploads\/2024\/12\/20241206_191727-1-500x500.jpg\">\r\n\r\n\t\t\t\t\t\t\t\t<div class=\"img-box-shadow\">\r\n\r\n\t\t\t\t\t\t\t\t\t\r\n\t\t\t\t\t\t\t\t\t<a title=\"\" data-lightbox='swipebox_29263'\r\n\t\t\t\t\t\t\t\t\t\tclass=\"swipebox_29263\" href=\"http:\/\/www.ajpc-chaumont.fr\/wp-content\/uploads\/2024\/12\/20241206_191727-1-scaled.jpg\">\r\n\t\t\t\t\t\t\t\t\t\t<div class=\"b-link-stroke b-animate-go\">\r\n\t\t\t\t\t\t\t\t\t\t\t<img decoding=\"async\" src=\"http:\/\/www.ajpc-chaumont.fr\/wp-content\/uploads\/2024\/12\/20241206_191727-1-500x500.jpg\" class=\"gall-img-responsive\"\r\n\t\t\t\t\t\t\t\t\t\t\t\tstyle=\"width:100%; height:auto;\" alt=\"\">\r\n\t\t\t\t\t\t\t\t\t\t<\/div>\r\n\t\t\t\t\t\t\t\t\t<\/a>\r\n\t\t\t\t\t\t\t\t\t<!--Gallery Label-->\r\n\t\t\t\t\t\t\t\t\t<div class=\"slgf_home_portfolio_caption\">\r\n\t\t\t\t\t\t\t\t\t\t\t\t\t\t\t\t\t\t\t\t\t<p class=\"lksg_desc_para\" style=\"color: #000000\">\r\n\t\t\t\t\t\t\t\t\t\t\t\t\t\t\t\t\t\t\t\t\t\t\t<\/p>\r\n\t\t\t\t\t\t\t\t\t\t\t\t\t\t\t\t\t\t\t\t\t<a style=\"padding:5px; font-size:12px;background-color:#31a3dd;color : #FFFFFF\"\r\n\t\t\t\t\t\t\t\t\t\t\tid=\"same_page\" data-lightbox='swipeboxes_29263'\r\n\t\t\t\t\t\t\t\t\t\t\tclass=\"read_more_btn swipebox_29263\"\r\n\t\t\t\t\t\t\t\t\t\t\thref=\"http:\/\/www.ajpc-chaumont.fr\/wp-content\/uploads\/2024\/12\/20241206_191727-1-scaled.jpg\" title=\"\"\r\n\t\t\t\t\t\t\t\t\t\t\ttarget=\"_blank\">\r\n\t\t\t\t\t\t\t\t\t\t\tZoom\t\t\t\t\t\t\t\t\t\t<\/a>\r\n\t\t\t\t\t\t\t\t\t<\/div>\r\n\t\t\t\t\t\t\t\t<\/div>\r\n\t\t\t\t\t\t\t<\/div>\r\n\t\t\t\t\t\t\t\t\t\t\t\t\t\t<div class=\"col-md-6 col-sm-6 wl-gallery\"\r\n\t\t\t\t\t\t\t\tdata-src=\"http:\/\/www.ajpc-chaumont.fr\/wp-content\/uploads\/2024\/12\/20241206_191731-500x500.jpg\">\r\n\r\n\t\t\t\t\t\t\t\t<div class=\"img-box-shadow\">\r\n\r\n\t\t\t\t\t\t\t\t\t\r\n\t\t\t\t\t\t\t\t\t<a title=\"\" data-lightbox='swipebox_29263'\r\n\t\t\t\t\t\t\t\t\t\tclass=\"swipebox_29263\" href=\"http:\/\/www.ajpc-chaumont.fr\/wp-content\/uploads\/2024\/12\/20241206_191731-scaled.jpg\">\r\n\t\t\t\t\t\t\t\t\t\t<div class=\"b-link-stroke b-animate-go\">\r\n\t\t\t\t\t\t\t\t\t\t\t<img decoding=\"async\" src=\"http:\/\/www.ajpc-chaumont.fr\/wp-content\/uploads\/2024\/12\/20241206_191731-500x500.jpg\" class=\"gall-img-responsive\"\r\n\t\t\t\t\t\t\t\t\t\t\t\tstyle=\"width:100%; height:auto;\" alt=\"\">\r\n\t\t\t\t\t\t\t\t\t\t<\/div>\r\n\t\t\t\t\t\t\t\t\t<\/a>\r\n\t\t\t\t\t\t\t\t\t<!--Gallery Label-->\r\n\t\t\t\t\t\t\t\t\t<div class=\"slgf_home_portfolio_caption\">\r\n\t\t\t\t\t\t\t\t\t\t\t\t\t\t\t\t\t\t\t\t\t<p class=\"lksg_desc_para\" style=\"color: #000000\">\r\n\t\t\t\t\t\t\t\t\t\t\t\t\t\t\t\t\t\t\t\t\t\t\t<\/p>\r\n\t\t\t\t\t\t\t\t\t\t\t\t\t\t\t\t\t\t\t\t\t<a style=\"padding:5px; font-size:12px;background-color:#31a3dd;color : #FFFFFF\"\r\n\t\t\t\t\t\t\t\t\t\t\tid=\"same_page\" data-lightbox='swipeboxes_29263'\r\n\t\t\t\t\t\t\t\t\t\t\tclass=\"read_more_btn swipebox_29263\"\r\n\t\t\t\t\t\t\t\t\t\t\thref=\"http:\/\/www.ajpc-chaumont.fr\/wp-content\/uploads\/2024\/12\/20241206_191731-scaled.jpg\" title=\"\"\r\n\t\t\t\t\t\t\t\t\t\t\ttarget=\"_blank\">\r\n\t\t\t\t\t\t\t\t\t\t\tZoom\t\t\t\t\t\t\t\t\t\t<\/a>\r\n\t\t\t\t\t\t\t\t\t<\/div>\r\n\t\t\t\t\t\t\t\t<\/div>\r\n\t\t\t\t\t\t\t<\/div>\r\n\t\t\t\t\t\t\t\t\t\t\t\t\t\t<div class=\"col-md-6 col-sm-6 wl-gallery\"\r\n\t\t\t\t\t\t\t\tdata-src=\"http:\/\/www.ajpc-chaumont.fr\/wp-content\/uploads\/2024\/12\/20241206_192257-500x500.jpg\">\r\n\r\n\t\t\t\t\t\t\t\t<div class=\"img-box-shadow\">\r\n\r\n\t\t\t\t\t\t\t\t\t\r\n\t\t\t\t\t\t\t\t\t<a title=\"\" data-lightbox='swipebox_29263'\r\n\t\t\t\t\t\t\t\t\t\tclass=\"swipebox_29263\" href=\"http:\/\/www.ajpc-chaumont.fr\/wp-content\/uploads\/2024\/12\/20241206_192257-scaled.jpg\">\r\n\t\t\t\t\t\t\t\t\t\t<div class=\"b-link-stroke b-animate-go\">\r\n\t\t\t\t\t\t\t\t\t\t\t<img decoding=\"async\" src=\"http:\/\/www.ajpc-chaumont.fr\/wp-content\/uploads\/2024\/12\/20241206_192257-500x500.jpg\" class=\"gall-img-responsive\"\r\n\t\t\t\t\t\t\t\t\t\t\t\tstyle=\"width:100%; height:auto;\" alt=\"\">\r\n\t\t\t\t\t\t\t\t\t\t<\/div>\r\n\t\t\t\t\t\t\t\t\t<\/a>\r\n\t\t\t\t\t\t\t\t\t<!--Gallery Label-->\r\n\t\t\t\t\t\t\t\t\t<div class=\"slgf_home_portfolio_caption\">\r\n\t\t\t\t\t\t\t\t\t\t\t\t\t\t\t\t\t\t\t\t\t<p class=\"lksg_desc_para\" style=\"color: #000000\">\r\n\t\t\t\t\t\t\t\t\t\t\t\t\t\t\t\t\t\t\t\t\t\t\t<\/p>\r\n\t\t\t\t\t\t\t\t\t\t\t\t\t\t\t\t\t\t\t\t\t<a style=\"padding:5px; font-size:12px;background-color:#31a3dd;color : #FFFFFF\"\r\n\t\t\t\t\t\t\t\t\t\t\tid=\"same_page\" data-lightbox='swipeboxes_29263'\r\n\t\t\t\t\t\t\t\t\t\t\tclass=\"read_more_btn swipebox_29263\"\r\n\t\t\t\t\t\t\t\t\t\t\thref=\"http:\/\/www.ajpc-chaumont.fr\/wp-content\/uploads\/2024\/12\/20241206_192257-scaled.jpg\" title=\"\"\r\n\t\t\t\t\t\t\t\t\t\t\ttarget=\"_blank\">\r\n\t\t\t\t\t\t\t\t\t\t\tZoom\t\t\t\t\t\t\t\t\t\t<\/a>\r\n\t\t\t\t\t\t\t\t\t<\/div>\r\n\t\t\t\t\t\t\t\t<\/div>\r\n\t\t\t\t\t\t\t<\/div>\r\n\t\t\t\t\t\t\t\t\t\t\t\t\t\t<div class=\"col-md-6 col-sm-6 wl-gallery\"\r\n\t\t\t\t\t\t\t\tdata-src=\"http:\/\/www.ajpc-chaumont.fr\/wp-content\/uploads\/2024\/12\/20241206_191758-500x500.jpg\">\r\n\r\n\t\t\t\t\t\t\t\t<div class=\"img-box-shadow\">\r\n\r\n\t\t\t\t\t\t\t\t\t\r\n\t\t\t\t\t\t\t\t\t<a title=\"\" data-lightbox='swipebox_29263'\r\n\t\t\t\t\t\t\t\t\t\tclass=\"swipebox_29263\" href=\"http:\/\/www.ajpc-chaumont.fr\/wp-content\/uploads\/2024\/12\/20241206_191758-scaled.jpg\">\r\n\t\t\t\t\t\t\t\t\t\t<div class=\"b-link-stroke b-animate-go\">\r\n\t\t\t\t\t\t\t\t\t\t\t<img decoding=\"async\" src=\"http:\/\/www.ajpc-chaumont.fr\/wp-content\/uploads\/2024\/12\/20241206_191758-500x500.jpg\" class=\"gall-img-responsive\"\r\n\t\t\t\t\t\t\t\t\t\t\t\tstyle=\"width:100%; height:auto;\" alt=\"\">\r\n\t\t\t\t\t\t\t\t\t\t<\/div>\r\n\t\t\t\t\t\t\t\t\t<\/a>\r\n\t\t\t\t\t\t\t\t\t<!--Gallery Label-->\r\n\t\t\t\t\t\t\t\t\t<div class=\"slgf_home_portfolio_caption\">\r\n\t\t\t\t\t\t\t\t\t\t\t\t\t\t\t\t\t\t\t\t\t<p class=\"lksg_desc_para\" style=\"color: #000000\">\r\n\t\t\t\t\t\t\t\t\t\t\t\t\t\t\t\t\t\t\t\t\t\t\t<\/p>\r\n\t\t\t\t\t\t\t\t\t\t\t\t\t\t\t\t\t\t\t\t\t<a style=\"padding:5px; font-size:12px;background-color:#31a3dd;color : #FFFFFF\"\r\n\t\t\t\t\t\t\t\t\t\t\tid=\"same_page\" data-lightbox='swipeboxes_29263'\r\n\t\t\t\t\t\t\t\t\t\t\tclass=\"read_more_btn swipebox_29263\"\r\n\t\t\t\t\t\t\t\t\t\t\thref=\"http:\/\/www.ajpc-chaumont.fr\/wp-content\/uploads\/2024\/12\/20241206_191758-scaled.jpg\" title=\"\"\r\n\t\t\t\t\t\t\t\t\t\t\ttarget=\"_blank\">\r\n\t\t\t\t\t\t\t\t\t\t\tZoom\t\t\t\t\t\t\t\t\t\t<\/a>\r\n\t\t\t\t\t\t\t\t\t<\/div>\r\n\t\t\t\t\t\t\t\t<\/div>\r\n\t\t\t\t\t\t\t<\/div>\r\n\t\t\t\t\t\t\t\t\t\t\t\t\t\t<div class=\"col-md-6 col-sm-6 wl-gallery\"\r\n\t\t\t\t\t\t\t\tdata-src=\"http:\/\/www.ajpc-chaumont.fr\/wp-content\/uploads\/2024\/12\/20241206_2110581-500x500.jpg\">\r\n\r\n\t\t\t\t\t\t\t\t<div class=\"img-box-shadow\">\r\n\r\n\t\t\t\t\t\t\t\t\t\r\n\t\t\t\t\t\t\t\t\t<a title=\"\" data-lightbox='swipebox_29263'\r\n\t\t\t\t\t\t\t\t\t\tclass=\"swipebox_29263\" href=\"http:\/\/www.ajpc-chaumont.fr\/wp-content\/uploads\/2024\/12\/20241206_2110581-scaled.jpg\">\r\n\t\t\t\t\t\t\t\t\t\t<div class=\"b-link-stroke b-animate-go\">\r\n\t\t\t\t\t\t\t\t\t\t\t<img decoding=\"async\" src=\"http:\/\/www.ajpc-chaumont.fr\/wp-content\/uploads\/2024\/12\/20241206_2110581-500x500.jpg\" class=\"gall-img-responsive\"\r\n\t\t\t\t\t\t\t\t\t\t\t\tstyle=\"width:100%; height:auto;\" alt=\"\">\r\n\t\t\t\t\t\t\t\t\t\t<\/div>\r\n\t\t\t\t\t\t\t\t\t<\/a>\r\n\t\t\t\t\t\t\t\t\t<!--Gallery Label-->\r\n\t\t\t\t\t\t\t\t\t<div class=\"slgf_home_portfolio_caption\">\r\n\t\t\t\t\t\t\t\t\t\t\t\t\t\t\t\t\t\t\t\t\t<p class=\"lksg_desc_para\" style=\"color: #000000\">\r\n\t\t\t\t\t\t\t\t\t\t\t\t\t\t\t\t\t\t\t\t\t\t\t<\/p>\r\n\t\t\t\t\t\t\t\t\t\t\t\t\t\t\t\t\t\t\t\t\t<a style=\"padding:5px; font-size:12px;background-color:#31a3dd;color : #FFFFFF\"\r\n\t\t\t\t\t\t\t\t\t\t\tid=\"same_page\" data-lightbox='swipeboxes_29263'\r\n\t\t\t\t\t\t\t\t\t\t\tclass=\"read_more_btn swipebox_29263\"\r\n\t\t\t\t\t\t\t\t\t\t\thref=\"http:\/\/www.ajpc-chaumont.fr\/wp-content\/uploads\/2024\/12\/20241206_2110581-scaled.jpg\" title=\"\"\r\n\t\t\t\t\t\t\t\t\t\t\ttarget=\"_blank\">\r\n\t\t\t\t\t\t\t\t\t\t\tZoom\t\t\t\t\t\t\t\t\t\t<\/a>\r\n\t\t\t\t\t\t\t\t\t<\/div>\r\n\t\t\t\t\t\t\t\t<\/div>\r\n\t\t\t\t\t\t\t<\/div>\r\n\t\t\t\t\t\t\t\t\t\t\t\t\t\t<div class=\"col-md-6 col-sm-6 wl-gallery\"\r\n\t\t\t\t\t\t\t\tdata-src=\"http:\/\/www.ajpc-chaumont.fr\/wp-content\/uploads\/2024\/12\/20241206_192257-500x500.jpg\">\r\n\r\n\t\t\t\t\t\t\t\t<div class=\"img-box-shadow\">\r\n\r\n\t\t\t\t\t\t\t\t\t\r\n\t\t\t\t\t\t\t\t\t<a title=\"\" data-lightbox='swipebox_29263'\r\n\t\t\t\t\t\t\t\t\t\tclass=\"swipebox_29263\" href=\"http:\/\/www.ajpc-chaumont.fr\/wp-content\/uploads\/2024\/12\/20241206_192257-scaled.jpg\">\r\n\t\t\t\t\t\t\t\t\t\t<div class=\"b-link-stroke b-animate-go\">\r\n\t\t\t\t\t\t\t\t\t\t\t<img decoding=\"async\" src=\"http:\/\/www.ajpc-chaumont.fr\/wp-content\/uploads\/2024\/12\/20241206_192257-500x500.jpg\" class=\"gall-img-responsive\"\r\n\t\t\t\t\t\t\t\t\t\t\t\tstyle=\"width:100%; height:auto;\" alt=\"\">\r\n\t\t\t\t\t\t\t\t\t\t<\/div>\r\n\t\t\t\t\t\t\t\t\t<\/a>\r\n\t\t\t\t\t\t\t\t\t<!--Gallery Label-->\r\n\t\t\t\t\t\t\t\t\t<div class=\"slgf_home_portfolio_caption\">\r\n\t\t\t\t\t\t\t\t\t\t\t\t\t\t\t\t\t\t\t\t\t<p class=\"lksg_desc_para\" style=\"color: #000000\">\r\n\t\t\t\t\t\t\t\t\t\t\t\t\t\t\t\t\t\t\t\t\t\t\t<\/p>\r\n\t\t\t\t\t\t\t\t\t\t\t\t\t\t\t\t\t\t\t\t\t<a style=\"padding:5px; font-size:12px;background-color:#31a3dd;color : #FFFFFF\"\r\n\t\t\t\t\t\t\t\t\t\t\tid=\"same_page\" data-lightbox='swipeboxes_29263'\r\n\t\t\t\t\t\t\t\t\t\t\tclass=\"read_more_btn swipebox_29263\"\r\n\t\t\t\t\t\t\t\t\t\t\thref=\"http:\/\/www.ajpc-chaumont.fr\/wp-content\/uploads\/2024\/12\/20241206_192257-scaled.jpg\" title=\"\"\r\n\t\t\t\t\t\t\t\t\t\t\ttarget=\"_blank\">\r\n\t\t\t\t\t\t\t\t\t\t\tZoom\t\t\t\t\t\t\t\t\t\t<\/a>\r\n\t\t\t\t\t\t\t\t\t<\/div>\r\n\t\t\t\t\t\t\t\t<\/div>\r\n\t\t\t\t\t\t\t<\/div>\r\n\t\t\t\t\t\t\t\t\t\t\t\t\t\t<div class=\"col-md-6 col-sm-6 wl-gallery\"\r\n\t\t\t\t\t\t\t\tdata-src=\"http:\/\/www.ajpc-chaumont.fr\/wp-content\/uploads\/2024\/12\/20241206_191727-1-500x500.jpg\">\r\n\r\n\t\t\t\t\t\t\t\t<div class=\"img-box-shadow\">\r\n\r\n\t\t\t\t\t\t\t\t\t\r\n\t\t\t\t\t\t\t\t\t<a title=\"\" data-lightbox='swipebox_29263'\r\n\t\t\t\t\t\t\t\t\t\tclass=\"swipebox_29263\" href=\"http:\/\/www.ajpc-chaumont.fr\/wp-content\/uploads\/2024\/12\/20241206_191727-1-scaled.jpg\">\r\n\t\t\t\t\t\t\t\t\t\t<div class=\"b-link-stroke b-animate-go\">\r\n\t\t\t\t\t\t\t\t\t\t\t<img decoding=\"async\" src=\"http:\/\/www.ajpc-chaumont.fr\/wp-content\/uploads\/2024\/12\/20241206_191727-1-500x500.jpg\" class=\"gall-img-responsive\"\r\n\t\t\t\t\t\t\t\t\t\t\t\tstyle=\"width:100%; height:auto;\" alt=\"\">\r\n\t\t\t\t\t\t\t\t\t\t<\/div>\r\n\t\t\t\t\t\t\t\t\t<\/a>\r\n\t\t\t\t\t\t\t\t\t<!--Gallery Label-->\r\n\t\t\t\t\t\t\t\t\t<div class=\"slgf_home_portfolio_caption\">\r\n\t\t\t\t\t\t\t\t\t\t\t\t\t\t\t\t\t\t\t\t\t<p class=\"lksg_desc_para\" style=\"color: #000000\">\r\n\t\t\t\t\t\t\t\t\t\t\t\t\t\t\t\t\t\t\t\t\t\t\t<\/p>\r\n\t\t\t\t\t\t\t\t\t\t\t\t\t\t\t\t\t\t\t\t\t<a style=\"padding:5px; font-size:12px;background-color:#31a3dd;color : #FFFFFF\"\r\n\t\t\t\t\t\t\t\t\t\t\tid=\"same_page\" data-lightbox='swipeboxes_29263'\r\n\t\t\t\t\t\t\t\t\t\t\tclass=\"read_more_btn swipebox_29263\"\r\n\t\t\t\t\t\t\t\t\t\t\thref=\"http:\/\/www.ajpc-chaumont.fr\/wp-content\/uploads\/2024\/12\/20241206_191727-1-scaled.jpg\" title=\"\"\r\n\t\t\t\t\t\t\t\t\t\t\ttarget=\"_blank\">\r\n\t\t\t\t\t\t\t\t\t\t\tZoom\t\t\t\t\t\t\t\t\t\t<\/a>\r\n\t\t\t\t\t\t\t\t\t<\/div>\r\n\t\t\t\t\t\t\t\t<\/div>\r\n\t\t\t\t\t\t\t<\/div>\r\n\t\t\t\t\t\t\t\t\t\t\t\t\t\t<div class=\"col-md-6 col-sm-6 wl-gallery\"\r\n\t\t\t\t\t\t\t\tdata-src=\"http:\/\/www.ajpc-chaumont.fr\/wp-content\/uploads\/2024\/12\/20241206_191758-500x500.jpg\">\r\n\r\n\t\t\t\t\t\t\t\t<div class=\"img-box-shadow\">\r\n\r\n\t\t\t\t\t\t\t\t\t\r\n\t\t\t\t\t\t\t\t\t<a title=\"\" data-lightbox='swipebox_29263'\r\n\t\t\t\t\t\t\t\t\t\tclass=\"swipebox_29263\" href=\"http:\/\/www.ajpc-chaumont.fr\/wp-content\/uploads\/2024\/12\/20241206_191758-scaled.jpg\">\r\n\t\t\t\t\t\t\t\t\t\t<div class=\"b-link-stroke b-animate-go\">\r\n\t\t\t\t\t\t\t\t\t\t\t<img decoding=\"async\" src=\"http:\/\/www.ajpc-chaumont.fr\/wp-content\/uploads\/2024\/12\/20241206_191758-500x500.jpg\" class=\"gall-img-responsive\"\r\n\t\t\t\t\t\t\t\t\t\t\t\tstyle=\"width:100%; height:auto;\" alt=\"\">\r\n\t\t\t\t\t\t\t\t\t\t<\/div>\r\n\t\t\t\t\t\t\t\t\t<\/a>\r\n\t\t\t\t\t\t\t\t\t<!--Gallery Label-->\r\n\t\t\t\t\t\t\t\t\t<div class=\"slgf_home_portfolio_caption\">\r\n\t\t\t\t\t\t\t\t\t\t\t\t\t\t\t\t\t\t\t\t\t<p class=\"lksg_desc_para\" style=\"color: #000000\">\r\n\t\t\t\t\t\t\t\t\t\t\t\t\t\t\t\t\t\t\t\t\t\t\t<\/p>\r\n\t\t\t\t\t\t\t\t\t\t\t\t\t\t\t\t\t\t\t\t\t<a style=\"padding:5px; font-size:12px;background-color:#31a3dd;color : #FFFFFF\"\r\n\t\t\t\t\t\t\t\t\t\t\tid=\"same_page\" data-lightbox='swipeboxes_29263'\r\n\t\t\t\t\t\t\t\t\t\t\tclass=\"read_more_btn swipebox_29263\"\r\n\t\t\t\t\t\t\t\t\t\t\thref=\"http:\/\/www.ajpc-chaumont.fr\/wp-content\/uploads\/2024\/12\/20241206_191758-scaled.jpg\" title=\"\"\r\n\t\t\t\t\t\t\t\t\t\t\ttarget=\"_blank\">\r\n\t\t\t\t\t\t\t\t\t\t\tZoom\t\t\t\t\t\t\t\t\t\t<\/a>\r\n\t\t\t\t\t\t\t\t\t<\/div>\r\n\t\t\t\t\t\t\t\t<\/div>\r\n\t\t\t\t\t\t\t<\/div>\r\n\t\t\t\t\t\t\t\t\t\t\t\t\t\t<div class=\"col-md-6 col-sm-6 wl-gallery\"\r\n\t\t\t\t\t\t\t\tdata-src=\"http:\/\/www.ajpc-chaumont.fr\/wp-content\/uploads\/2024\/12\/20241206_191731-500x500.jpg\">\r\n\r\n\t\t\t\t\t\t\t\t<div class=\"img-box-shadow\">\r\n\r\n\t\t\t\t\t\t\t\t\t\r\n\t\t\t\t\t\t\t\t\t<a title=\"\" data-lightbox='swipebox_29263'\r\n\t\t\t\t\t\t\t\t\t\tclass=\"swipebox_29263\" href=\"http:\/\/www.ajpc-chaumont.fr\/wp-content\/uploads\/2024\/12\/20241206_191731-scaled.jpg\">\r\n\t\t\t\t\t\t\t\t\t\t<div class=\"b-link-stroke b-animate-go\">\r\n\t\t\t\t\t\t\t\t\t\t\t<img decoding=\"async\" src=\"http:\/\/www.ajpc-chaumont.fr\/wp-content\/uploads\/2024\/12\/20241206_191731-500x500.jpg\" class=\"gall-img-responsive\"\r\n\t\t\t\t\t\t\t\t\t\t\t\tstyle=\"width:100%; height:auto;\" alt=\"\">\r\n\t\t\t\t\t\t\t\t\t\t<\/div>\r\n\t\t\t\t\t\t\t\t\t<\/a>\r\n\t\t\t\t\t\t\t\t\t<!--Gallery Label-->\r\n\t\t\t\t\t\t\t\t\t<div class=\"slgf_home_portfolio_caption\">\r\n\t\t\t\t\t\t\t\t\t\t\t\t\t\t\t\t\t\t\t\t\t<p class=\"lksg_desc_para\" style=\"color: #000000\">\r\n\t\t\t\t\t\t\t\t\t\t\t\t\t\t\t\t\t\t\t\t\t\t\t<\/p>\r\n\t\t\t\t\t\t\t\t\t\t\t\t\t\t\t\t\t\t\t\t\t<a style=\"padding:5px; font-size:12px;background-color:#31a3dd;color : #FFFFFF\"\r\n\t\t\t\t\t\t\t\t\t\t\tid=\"same_page\" data-lightbox='swipeboxes_29263'\r\n\t\t\t\t\t\t\t\t\t\t\tclass=\"read_more_btn swipebox_29263\"\r\n\t\t\t\t\t\t\t\t\t\t\thref=\"http:\/\/www.ajpc-chaumont.fr\/wp-content\/uploads\/2024\/12\/20241206_191731-scaled.jpg\" title=\"\"\r\n\t\t\t\t\t\t\t\t\t\t\ttarget=\"_blank\">\r\n\t\t\t\t\t\t\t\t\t\t\tZoom\t\t\t\t\t\t\t\t\t\t<\/a>\r\n\t\t\t\t\t\t\t\t\t<\/div>\r\n\t\t\t\t\t\t\t\t<\/div>\r\n\t\t\t\t\t\t\t<\/div>\r\n\t\t\t\t\t\t\t\t\t\t\t\t\t\t<div class=\"col-md-6 col-sm-6 wl-gallery\"\r\n\t\t\t\t\t\t\t\tdata-src=\"http:\/\/www.ajpc-chaumont.fr\/wp-content\/uploads\/2024\/12\/20241206_2110581-500x500.jpg\">\r\n\r\n\t\t\t\t\t\t\t\t<div class=\"img-box-shadow\">\r\n\r\n\t\t\t\t\t\t\t\t\t\r\n\t\t\t\t\t\t\t\t\t<a title=\"\" data-lightbox='swipebox_29263'\r\n\t\t\t\t\t\t\t\t\t\tclass=\"swipebox_29263\" href=\"http:\/\/www.ajpc-chaumont.fr\/wp-content\/uploads\/2024\/12\/20241206_2110581-scaled.jpg\">\r\n\t\t\t\t\t\t\t\t\t\t<div class=\"b-link-stroke b-animate-go\">\r\n\t\t\t\t\t\t\t\t\t\t\t<img decoding=\"async\" src=\"http:\/\/www.ajpc-chaumont.fr\/wp-content\/uploads\/2024\/12\/20241206_2110581-500x500.jpg\" class=\"gall-img-responsive\"\r\n\t\t\t\t\t\t\t\t\t\t\t\tstyle=\"width:100%; height:auto;\" alt=\"\">\r\n\t\t\t\t\t\t\t\t\t\t<\/div>\r\n\t\t\t\t\t\t\t\t\t<\/a>\r\n\t\t\t\t\t\t\t\t\t<!--Gallery Label-->\r\n\t\t\t\t\t\t\t\t\t<div class=\"slgf_home_portfolio_caption\">\r\n\t\t\t\t\t\t\t\t\t\t\t\t\t\t\t\t\t\t\t\t\t<p class=\"lksg_desc_para\" style=\"color: #000000\">\r\n\t\t\t\t\t\t\t\t\t\t\t\t\t\t\t\t\t\t\t\t\t\t\t<\/p>\r\n\t\t\t\t\t\t\t\t\t\t\t\t\t\t\t\t\t\t\t\t\t<a style=\"padding:5px; font-size:12px;background-color:#31a3dd;color : #FFFFFF\"\r\n\t\t\t\t\t\t\t\t\t\t\tid=\"same_page\" data-lightbox='swipeboxes_29263'\r\n\t\t\t\t\t\t\t\t\t\t\tclass=\"read_more_btn swipebox_29263\"\r\n\t\t\t\t\t\t\t\t\t\t\thref=\"http:\/\/www.ajpc-chaumont.fr\/wp-content\/uploads\/2024\/12\/20241206_2110581-scaled.jpg\" title=\"\"\r\n\t\t\t\t\t\t\t\t\t\t\ttarget=\"_blank\">\r\n\t\t\t\t\t\t\t\t\t\t\tZoom\t\t\t\t\t\t\t\t\t\t<\/a>\r\n\t\t\t\t\t\t\t\t\t<\/div>\r\n\t\t\t\t\t\t\t\t<\/div>\r\n\t\t\t\t\t\t\t<\/div>\r\n\t\t\t\t\t\t\t\t\t\t\t<\/div>\r\n\t\t\t<\/div>\r\n\t\t\t<\/div>\r\n\r\n\t<!-- Swipe Box-->\r\n\t\n","protected":false},"excerpt":{"rendered":"","protected":false},"author":12,"featured_media":0,"parent":28742,"menu_order":0,"comment_status":"closed","ping_status":"closed","template":"","meta":{"_s2mail":"","footnotes":""},"_links":{"self":[{"href":"https:\/\/www.ajpc-chaumont.fr\/index.php?rest_route=\/wp\/v2\/pages\/29269"}],"collection":[{"href":"https:\/\/www.ajpc-chaumont.fr\/index.php?rest_route=\/wp\/v2\/pages"}],"about":[{"href":"https:\/\/www.ajpc-chaumont.fr\/index.php?rest_route=\/wp\/v2\/types\/page"}],"author":[{"embeddable":true,"href":"https:\/\/www.ajpc-chaumont.fr\/index.php?rest_route=\/wp\/v2\/users\/12"}],"replies":[{"embeddable":true,"href":"https:\/\/www.ajpc-chaumont.fr\/index.php?rest_route=%2Fwp%2Fv2%2Fcomments&post=29269"}],"version-history":[{"count":3,"href":"https:\/\/www.ajpc-chaumont.fr\/index.php?rest_route=\/wp\/v2\/pages\/29269\/revisions"}],"predecessor-version":[{"id":29682,"href":"https:\/\/www.ajpc-chaumont.fr\/index.php?rest_route=\/wp\/v2\/pages\/29269\/revisions\/29682"}],"up":[{"embeddable":true,"href":"https:\/\/www.ajpc-chaumont.fr\/index.php?rest_route=\/wp\/v2\/pages\/28742"}],"wp:attachment":[{"href":"https:\/\/www.ajpc-chaumont.fr\/index.php?rest_route=%2Fwp%2Fv2%2Fmedia&parent=29269"}],"curies":[{"name":"wp","href":"https:\/\/api.w.org\/{rel}","templated":true}]}}