{"id":29289,"date":"2025-01-25T17:40:24","date_gmt":"2025-01-25T16:40:24","guid":{"rendered":"http:\/\/www.ajpc-chaumont.fr\/?page_id=29289"},"modified":"2026-01-08T10:03:29","modified_gmt":"2026-01-08T09:03:29","slug":"compte-rendu-assemblee-generale-2024","status":"publish","type":"page","link":"https:\/\/www.ajpc-chaumont.fr\/?page_id=29289","title":{"rendered":"Compte-rendu de l&#8217;assembl\u00e9e g\u00e9n\u00e9rale 2025"},"content":{"rendered":"\n<p>T\u00e9l\u00e9chargez le Compte-rendu de l&#8217;AG 2025 <a href=\"http:\/\/www.ajpc-chaumont.fr\/wp-content\/uploads\/2026\/01\/PV-AG-18-12-2025.pdf\" target=\"_blank\" rel=\"noreferrer noopener\">ICI<\/a><\/p>\n","protected":false},"excerpt":{"rendered":"<p>T\u00e9l\u00e9chargez le Compte-rendu de l&#8217;AG 2025 ICI<\/p>\n","protected":false},"author":12,"featured_media":0,"parent":40,"menu_order":0,"comment_status":"closed","ping_status":"closed","template":"","meta":{"_s2mail":"","footnotes":""},"_links":{"self":[{"href":"https:\/\/www.ajpc-chaumont.fr\/index.php?rest_route=\/wp\/v2\/pages\/29289"}],"collection":[{"href":"https:\/\/www.ajpc-chaumont.fr\/index.php?rest_route=\/wp\/v2\/pages"}],"about":[{"href":"https:\/\/www.ajpc-chaumont.fr\/index.php?rest_route=\/wp\/v2\/types\/page"}],"author":[{"embeddable":true,"href":"https:\/\/www.ajpc-chaumont.fr\/index.php?rest_route=\/wp\/v2\/users\/12"}],"replies":[{"embeddable":true,"href":"https:\/\/www.ajpc-chaumont.fr\/index.php?rest_route=%2Fwp%2Fv2%2Fcomments&post=29289"}],"version-history":[{"count":4,"href":"https:\/\/www.ajpc-chaumont.fr\/index.php?rest_route=\/wp\/v2\/pages\/29289\/revisions"}],"predecessor-version":[{"id":29761,"href":"https:\/\/www.ajpc-chaumont.fr\/index.php?rest_route=\/wp\/v2\/pages\/29289\/revisions\/29761"}],"up":[{"embeddable":true,"href":"https:\/\/www.ajpc-chaumont.fr\/index.php?rest_route=\/wp\/v2\/pages\/40"}],"wp:attachment":[{"href":"https:\/\/www.ajpc-chaumont.fr\/index.php?rest_route=%2Fwp%2Fv2%2Fmedia&parent=29289"}],"curies":[{"name":"wp","href":"https:\/\/api.w.org\/{rel}","templated":true}]}}