{"id":686,"date":"2011-10-26T10:27:28","date_gmt":"2011-10-26T08:27:28","guid":{"rendered":"http:\/\/www.ajpc-chaumont.fr\/?page_id=686"},"modified":"2011-10-28T11:00:15","modified_gmt":"2011-10-28T09:00:15","slug":"gateau-energetique-du-sportif","status":"publish","type":"page","link":"https:\/\/www.ajpc-chaumont.fr\/?page_id=686","title":{"rendered":"G\u00e2teau \u00e9nerg\u00e9tique du sportif"},"content":{"rendered":"<p><a href=\"http:\/\/www.ajpc-chaumont.fr\/wp-content\/uploads\/2011\/10\/gateau-sport.jpg\"><img loading=\"lazy\" decoding=\"async\" class=\"alignnone size-full wp-image-693\" title=\"gateau sport\" src=\"https:\/\/www.ajpc-chaumont.fr\/wp-content\/themes\/grey-opaque\/plugins\/lazy-load\/images\/1x1.trans.gif\" data-lazy-src=\"http:\/\/www.ajpc-chaumont.fr\/wp-content\/uploads\/2011\/10\/gateau-sport.jpg\" alt=\"\" width=\"2480\" height=\"3507\" \/><noscript><img loading=\"lazy\" decoding=\"async\" class=\"alignnone size-full wp-image-693\" title=\"gateau sport\" src=\"http:\/\/www.ajpc-chaumont.fr\/wp-content\/uploads\/2011\/10\/gateau-sport.jpg\" alt=\"\" width=\"2480\" height=\"3507\" srcset=\"https:\/\/www.ajpc-chaumont.fr\/wp-content\/uploads\/2011\/10\/gateau-sport.jpg 2480w, https:\/\/www.ajpc-chaumont.fr\/wp-content\/uploads\/2011\/10\/gateau-sport-212x300.jpg 212w, https:\/\/www.ajpc-chaumont.fr\/wp-content\/uploads\/2011\/10\/gateau-sport-724x1024.jpg 724w\" sizes=\"(max-width: 2480px) 100vw, 2480px\" \/><\/noscript><\/a><\/p>\n","protected":false},"excerpt":{"rendered":"","protected":false},"author":12,"featured_media":0,"parent":818,"menu_order":2,"comment_status":"closed","ping_status":"closed","template":"","meta":{"_s2mail":"","footnotes":""},"_links":{"self":[{"href":"https:\/\/www.ajpc-chaumont.fr\/index.php?rest_route=\/wp\/v2\/pages\/686"}],"collection":[{"href":"https:\/\/www.ajpc-chaumont.fr\/index.php?rest_route=\/wp\/v2\/pages"}],"about":[{"href":"https:\/\/www.ajpc-chaumont.fr\/index.php?rest_route=\/wp\/v2\/types\/page"}],"author":[{"embeddable":true,"href":"https:\/\/www.ajpc-chaumont.fr\/index.php?rest_route=\/wp\/v2\/users\/12"}],"replies":[{"embeddable":true,"href":"https:\/\/www.ajpc-chaumont.fr\/index.php?rest_route=%2Fwp%2Fv2%2Fcomments&post=686"}],"version-history":[{"count":6,"href":"https:\/\/www.ajpc-chaumont.fr\/index.php?rest_route=\/wp\/v2\/pages\/686\/revisions"}],"predecessor-version":[{"id":823,"href":"https:\/\/www.ajpc-chaumont.fr\/index.php?rest_route=\/wp\/v2\/pages\/686\/revisions\/823"}],"up":[{"embeddable":true,"href":"https:\/\/www.ajpc-chaumont.fr\/index.php?rest_route=\/wp\/v2\/pages\/818"}],"wp:attachment":[{"href":"https:\/\/www.ajpc-chaumont.fr\/index.php?rest_route=%2Fwp%2Fv2%2Fmedia&parent=686"}],"curies":[{"name":"wp","href":"https:\/\/api.w.org\/{rel}","templated":true}]}}