{"id":864,"date":"2011-10-28T14:08:17","date_gmt":"2011-10-28T12:08:17","guid":{"rendered":"http:\/\/www.ajpc-chaumont.fr\/?page_id=864"},"modified":"2013-12-24T17:13:56","modified_gmt":"2013-12-24T16:13:56","slug":"plan-regeneration-2-semaines","status":"publish","type":"page","link":"https:\/\/www.ajpc-chaumont.fr\/?page_id=864","title":{"rendered":"Plan r\u00e9g\u00e9n\u00e9ration"},"content":{"rendered":"<p><a href=\"http:\/\/www.ajpc-chaumont.fr\/wp-content\/uploads\/2011\/10\/Plan-R\u00e9g\u00e9n\u00e9ration-2-SE.xls\" target=\"_blank\"><img loading=\"lazy\" decoding=\"async\" class=\"alignleft  wp-image-1373\" alt=\"microsof-excell-2007\" src=\"https:\/\/www.ajpc-chaumont.fr\/wp-content\/themes\/grey-opaque\/plugins\/lazy-load\/images\/1x1.trans.gif\" data-lazy-src=\"http:\/\/www.ajpc-chaumont.fr\/wp-content\/uploads\/2011\/12\/microsof-excell-2007.png\" width=\"126\" height=\"128\" \/><noscript><img loading=\"lazy\" decoding=\"async\" class=\"alignleft  wp-image-1373\" alt=\"microsof-excell-2007\" src=\"http:\/\/www.ajpc-chaumont.fr\/wp-content\/uploads\/2011\/12\/microsof-excell-2007.png\" width=\"126\" height=\"128\" \/><\/noscript><\/a>Plan r\u00e9g\u00e9n\u00e9ration 2 semaines (fichier excell)<\/p>\n<p>&nbsp;<\/p>\n<p>&nbsp;<\/p>\n<p>&nbsp;<\/p>\n<p><a href=\"http:\/\/www.ajpc-chaumont.fr\/wp-content\/uploads\/2011\/10\/Plan-R\u00e9g\u00e9n\u00e9ration-2-SE.pdf\" target=\"_blank\"><img loading=\"lazy\" decoding=\"async\" class=\"alignleft  wp-image-387\" alt=\"logo pdf\" src=\"https:\/\/www.ajpc-chaumont.fr\/wp-content\/themes\/grey-opaque\/plugins\/lazy-load\/images\/1x1.trans.gif\" data-lazy-src=\"http:\/\/www.ajpc-chaumont.fr\/wp-content\/uploads\/2011\/10\/logo-pdf.png\" width=\"125\" height=\"127\" \/><noscript><img loading=\"lazy\" decoding=\"async\" class=\"alignleft  wp-image-387\" alt=\"logo pdf\" src=\"http:\/\/www.ajpc-chaumont.fr\/wp-content\/uploads\/2011\/10\/logo-pdf.png\" width=\"125\" height=\"127\" \/><\/noscript><\/a>Plan r\u00e9g\u00e9n\u00e9ration 2 semaines (fichier PDF)<\/p>\n","protected":false},"excerpt":{"rendered":"<p>Plan r\u00e9g\u00e9n\u00e9ration 2 semaines (fichier excell) &nbsp; &nbsp; &nbsp; Plan r\u00e9g\u00e9n\u00e9ration 2 semaines (fichier PDF)<\/p>\n","protected":false},"author":12,"featured_media":0,"parent":443,"menu_order":0,"comment_status":"closed","ping_status":"closed","template":"","meta":{"_s2mail":"yes","footnotes":""},"_links":{"self":[{"href":"https:\/\/www.ajpc-chaumont.fr\/index.php?rest_route=\/wp\/v2\/pages\/864"}],"collection":[{"href":"https:\/\/www.ajpc-chaumont.fr\/index.php?rest_route=\/wp\/v2\/pages"}],"about":[{"href":"https:\/\/www.ajpc-chaumont.fr\/index.php?rest_route=\/wp\/v2\/types\/page"}],"author":[{"embeddable":true,"href":"https:\/\/www.ajpc-chaumont.fr\/index.php?rest_route=\/wp\/v2\/users\/12"}],"replies":[{"embeddable":true,"href":"https:\/\/www.ajpc-chaumont.fr\/index.php?rest_route=%2Fwp%2Fv2%2Fcomments&post=864"}],"version-history":[{"count":10,"href":"https:\/\/www.ajpc-chaumont.fr\/index.php?rest_route=\/wp\/v2\/pages\/864\/revisions"}],"predecessor-version":[{"id":15307,"href":"https:\/\/www.ajpc-chaumont.fr\/index.php?rest_route=\/wp\/v2\/pages\/864\/revisions\/15307"}],"up":[{"embeddable":true,"href":"https:\/\/www.ajpc-chaumont.fr\/index.php?rest_route=\/wp\/v2\/pages\/443"}],"wp:attachment":[{"href":"https:\/\/www.ajpc-chaumont.fr\/index.php?rest_route=%2Fwp%2Fv2%2Fmedia&parent=864"}],"curies":[{"name":"wp","href":"https:\/\/api.w.org\/{rel}","templated":true}]}}