{"id":906,"date":"2011-10-29T12:59:24","date_gmt":"2011-10-29T10:59:24","guid":{"rendered":"http:\/\/www.ajpc-chaumont.fr\/?page_id=906"},"modified":"2011-10-29T12:59:24","modified_gmt":"2011-10-29T10:59:24","slug":"les-elongations","status":"publish","type":"page","link":"https:\/\/www.ajpc-chaumont.fr\/?page_id=906","title":{"rendered":"Les \u00e9longations"},"content":{"rendered":"<p><span style=\"text-decoration: underline;\">Description<\/span>\u00a0: D\u00e9chirure musculaire b\u00e9nigne entra\u00eenant une douleur plus ou moins vive, soudaine, et une incapacit\u00e9 fonctionnelle mod\u00e9r\u00e9e.<\/p>\n<p><span style=\"text-decoration: underline;\">Premiers soins<\/span>\u00a0: Bandage compressif, gla\u00e7age (plusieurs fois par jours 15&#8217;\u00e0 20&#8242<img decoding=\"async\" src=\"https:\/\/www.ajpc-chaumont.fr\/wp-content\/themes\/grey-opaque\/plugins\/lazy-load\/images\/1x1.trans.gif\" data-lazy-src=\"https:\/\/www.ajpc-chaumont.fr\/wp-content\/themes\/grey-opaque\/images\/smilies\/icon_wink.gif\" alt=\"Smilie: ;)\" title=\"Smilie: ;)\" \/><noscript><img decoding=\"async\" src=\"https:\/\/www.ajpc-chaumont.fr\/wp-content\/themes\/grey-opaque\/images\/smilies\/icon_wink.gif\" alt=\"Smilie: ;)\" title=\"Smilie: ;)\" \/><\/noscript>, pas de massage<\/p>\n<p><span style=\"text-decoration: underline;\">Examens<\/span>\u00a0: Aucun ou \u00e9chographie<\/p>\n<p><span style=\"text-decoration: underline;\">Repos<\/span>\u00a0: 10 \u00e0 20 jours<\/p>\n","protected":false},"excerpt":{"rendered":"<p>Description\u00a0: D\u00e9chirure musculaire b\u00e9nigne entra\u00eenant une douleur plus ou moins vive, soudaine, et une incapacit\u00e9 fonctionnelle mod\u00e9r\u00e9e. Premiers soins\u00a0: Bandage compressif, gla\u00e7age (plusieurs fois par jours 15&#8217;\u00e0 20&#038;#8242, pas de massage Examens\u00a0: Aucun ou \u00e9chographie Repos\u00a0: 10 \u00e0 20 jours<\/p>\n","protected":false},"author":12,"featured_media":0,"parent":898,"menu_order":0,"comment_status":"closed","ping_status":"open","template":"","meta":{"_s2mail":"","footnotes":""},"_links":{"self":[{"href":"https:\/\/www.ajpc-chaumont.fr\/index.php?rest_route=\/wp\/v2\/pages\/906"}],"collection":[{"href":"https:\/\/www.ajpc-chaumont.fr\/index.php?rest_route=\/wp\/v2\/pages"}],"about":[{"href":"https:\/\/www.ajpc-chaumont.fr\/index.php?rest_route=\/wp\/v2\/types\/page"}],"author":[{"embeddable":true,"href":"https:\/\/www.ajpc-chaumont.fr\/index.php?rest_route=\/wp\/v2\/users\/12"}],"replies":[{"embeddable":true,"href":"https:\/\/www.ajpc-chaumont.fr\/index.php?rest_route=%2Fwp%2Fv2%2Fcomments&post=906"}],"version-history":[{"count":1,"href":"https:\/\/www.ajpc-chaumont.fr\/index.php?rest_route=\/wp\/v2\/pages\/906\/revisions"}],"predecessor-version":[{"id":907,"href":"https:\/\/www.ajpc-chaumont.fr\/index.php?rest_route=\/wp\/v2\/pages\/906\/revisions\/907"}],"up":[{"embeddable":true,"href":"https:\/\/www.ajpc-chaumont.fr\/index.php?rest_route=\/wp\/v2\/pages\/898"}],"wp:attachment":[{"href":"https:\/\/www.ajpc-chaumont.fr\/index.php?rest_route=%2Fwp%2Fv2%2Fmedia&parent=906"}],"curies":[{"name":"wp","href":"https:\/\/api.w.org\/{rel}","templated":true}]}}