{"id":908,"date":"2011-10-29T12:59:57","date_gmt":"2011-10-29T10:59:57","guid":{"rendered":"http:\/\/www.ajpc-chaumont.fr\/?page_id=908"},"modified":"2011-10-29T12:59:57","modified_gmt":"2011-10-29T10:59:57","slug":"les-dechirures","status":"publish","type":"page","link":"https:\/\/www.ajpc-chaumont.fr\/?page_id=908","title":{"rendered":"Les d\u00e9chirures"},"content":{"rendered":"<p><span style=\"text-decoration: underline;\">Description<\/span>\u00a0: Douleur vive en plein effort comme un coup de couteau, localis\u00e9e avec apparition d&#8217;un h\u00e9matome<\/p>\n<p>Les \u00e9longations et les contractures sont cliniquement tr\u00e8s proches. La seule diff\u00e9rence r\u00e9side par l&#8217;existence de l\u00e9sions anatomiques de la fibre musculaire dans l&#8217;\u00e9longation. Seuls l&#8217;\u00e9chographie ou l&#8217;IRM peuvent les diff\u00e9rencier.<\/p>\n<p><span style=\"text-decoration: underline;\">Premiers soins<\/span>\u00a0: Bandage compressif, gla\u00e7age (plusieurs fois par jours 15&#8217;\u00e0 20&#8242<img decoding=\"async\" src=\"https:\/\/www.ajpc-chaumont.fr\/wp-content\/themes\/grey-opaque\/plugins\/lazy-load\/images\/1x1.trans.gif\" data-lazy-src=\"https:\/\/www.ajpc-chaumont.fr\/wp-content\/themes\/grey-opaque\/images\/smilies\/icon_wink.gif\" alt=\"Smilie: ;)\" title=\"Smilie: ;)\" \/><noscript><img decoding=\"async\" src=\"https:\/\/www.ajpc-chaumont.fr\/wp-content\/themes\/grey-opaque\/images\/smilies\/icon_wink.gif\" alt=\"Smilie: ;)\" title=\"Smilie: ;)\" \/><\/noscript>, pas de massage<\/p>\n<p><span style=\"text-decoration: underline;\">Examens<\/span>\u00a0: Echographie<\/p>\n<p><span style=\"text-decoration: underline;\">Repos<\/span>\u00a0: 20 \u00e0 60 jours<\/p>\n","protected":false},"excerpt":{"rendered":"<p>Description\u00a0: Douleur vive en plein effort comme un coup de couteau, localis\u00e9e avec apparition d&#8217;un h\u00e9matome Les \u00e9longations et les contractures sont cliniquement tr\u00e8s proches. La seule diff\u00e9rence r\u00e9side par l&#8217;existence de l\u00e9sions anatomiques de la fibre musculaire dans l&#8217;\u00e9longation. &hellip; <a href=\"https:\/\/www.ajpc-chaumont.fr\/?page_id=908\">Continue reading <span class=\"meta-nav\">&rarr;<\/span><\/a><\/p>\n","protected":false},"author":12,"featured_media":0,"parent":898,"menu_order":0,"comment_status":"closed","ping_status":"open","template":"","meta":{"_s2mail":"","footnotes":""},"_links":{"self":[{"href":"https:\/\/www.ajpc-chaumont.fr\/index.php?rest_route=\/wp\/v2\/pages\/908"}],"collection":[{"href":"https:\/\/www.ajpc-chaumont.fr\/index.php?rest_route=\/wp\/v2\/pages"}],"about":[{"href":"https:\/\/www.ajpc-chaumont.fr\/index.php?rest_route=\/wp\/v2\/types\/page"}],"author":[{"embeddable":true,"href":"https:\/\/www.ajpc-chaumont.fr\/index.php?rest_route=\/wp\/v2\/users\/12"}],"replies":[{"embeddable":true,"href":"https:\/\/www.ajpc-chaumont.fr\/index.php?rest_route=%2Fwp%2Fv2%2Fcomments&post=908"}],"version-history":[{"count":1,"href":"https:\/\/www.ajpc-chaumont.fr\/index.php?rest_route=\/wp\/v2\/pages\/908\/revisions"}],"predecessor-version":[{"id":909,"href":"https:\/\/www.ajpc-chaumont.fr\/index.php?rest_route=\/wp\/v2\/pages\/908\/revisions\/909"}],"up":[{"embeddable":true,"href":"https:\/\/www.ajpc-chaumont.fr\/index.php?rest_route=\/wp\/v2\/pages\/898"}],"wp:attachment":[{"href":"https:\/\/www.ajpc-chaumont.fr\/index.php?rest_route=%2Fwp%2Fv2%2Fmedia&parent=908"}],"curies":[{"name":"wp","href":"https:\/\/api.w.org\/{rel}","templated":true}]}}