{"id":927,"date":"2011-10-29T13:19:31","date_gmt":"2011-10-29T11:19:31","guid":{"rendered":"http:\/\/www.ajpc-chaumont.fr\/?page_id=927"},"modified":"2011-10-29T13:19:31","modified_gmt":"2011-10-29T11:19:31","slug":"les-tendinites-aigues","status":"publish","type":"page","link":"https:\/\/www.ajpc-chaumont.fr\/?page_id=927","title":{"rendered":"Les tendinites aigu\u00ebs"},"content":{"rendered":"<p><span style=\"text-decoration: underline;\">Description<\/span>\u00a0: Souffrance r\u00e9cente d&#8217;un tendon pouvant \u00eatre douloureux au repos mais qui s&#8217;accentue \u00e0 la palpation l&#8217;\u00e9tirement et d\u00e8s le d\u00e9but de l&#8217;effort de fa\u00e7on importante.<\/p>\n<p><span style=\"text-decoration: underline;\">Premiers soins<\/span>\u00a0: Gla\u00e7age (plusieurs fois par jour 15&#8242; \u00e0 20&#8242<img decoding=\"async\" src=\"https:\/\/www.ajpc-chaumont.fr\/wp-content\/themes\/grey-opaque\/plugins\/lazy-load\/images\/1x1.trans.gif\" data-lazy-src=\"https:\/\/www.ajpc-chaumont.fr\/wp-content\/themes\/grey-opaque\/images\/smilies\/icon_wink.gif\" alt=\"Smilie: ;)\" title=\"Smilie: ;)\" \/><noscript><img decoding=\"async\" src=\"https:\/\/www.ajpc-chaumont.fr\/wp-content\/themes\/grey-opaque\/images\/smilies\/icon_wink.gif\" alt=\"Smilie: ;)\" title=\"Smilie: ;)\" \/><\/noscript>, \u00e9tirements<\/p>\n<p><span style=\"text-decoration: underline;\">Examens<\/span>\u00a0: Aucun ou \u00e9chographie<\/p>\n<p><span style=\"text-decoration: underline;\">Repos<\/span>\u00a0: Repos obligatoire variable selon la localisation.<\/p>\n","protected":false},"excerpt":{"rendered":"<p>Description\u00a0: Souffrance r\u00e9cente d&#8217;un tendon pouvant \u00eatre douloureux au repos mais qui s&#8217;accentue \u00e0 la palpation l&#8217;\u00e9tirement et d\u00e8s le d\u00e9but de l&#8217;effort de fa\u00e7on importante. Premiers soins\u00a0: Gla\u00e7age (plusieurs fois par jour 15&#8242; \u00e0 20&#038;#8242, \u00e9tirements Examens\u00a0: Aucun ou &hellip; <a href=\"https:\/\/www.ajpc-chaumont.fr\/?page_id=927\">Continue reading <span class=\"meta-nav\">&rarr;<\/span><\/a><\/p>\n","protected":false},"author":12,"featured_media":0,"parent":923,"menu_order":0,"comment_status":"closed","ping_status":"open","template":"","meta":{"_s2mail":"","footnotes":""},"_links":{"self":[{"href":"https:\/\/www.ajpc-chaumont.fr\/index.php?rest_route=\/wp\/v2\/pages\/927"}],"collection":[{"href":"https:\/\/www.ajpc-chaumont.fr\/index.php?rest_route=\/wp\/v2\/pages"}],"about":[{"href":"https:\/\/www.ajpc-chaumont.fr\/index.php?rest_route=\/wp\/v2\/types\/page"}],"author":[{"embeddable":true,"href":"https:\/\/www.ajpc-chaumont.fr\/index.php?rest_route=\/wp\/v2\/users\/12"}],"replies":[{"embeddable":true,"href":"https:\/\/www.ajpc-chaumont.fr\/index.php?rest_route=%2Fwp%2Fv2%2Fcomments&post=927"}],"version-history":[{"count":1,"href":"https:\/\/www.ajpc-chaumont.fr\/index.php?rest_route=\/wp\/v2\/pages\/927\/revisions"}],"predecessor-version":[{"id":928,"href":"https:\/\/www.ajpc-chaumont.fr\/index.php?rest_route=\/wp\/v2\/pages\/927\/revisions\/928"}],"up":[{"embeddable":true,"href":"https:\/\/www.ajpc-chaumont.fr\/index.php?rest_route=\/wp\/v2\/pages\/923"}],"wp:attachment":[{"href":"https:\/\/www.ajpc-chaumont.fr\/index.php?rest_route=%2Fwp%2Fv2%2Fmedia&parent=927"}],"curies":[{"name":"wp","href":"https:\/\/api.w.org\/{rel}","templated":true}]}}