{"id":931,"date":"2011-10-29T14:26:20","date_gmt":"2011-10-29T12:26:20","guid":{"rendered":"http:\/\/www.ajpc-chaumont.fr\/?page_id=931"},"modified":"2011-10-29T14:26:20","modified_gmt":"2011-10-29T12:26:20","slug":"les-entorses","status":"publish","type":"page","link":"https:\/\/www.ajpc-chaumont.fr\/?page_id=931","title":{"rendered":"Les entorses"},"content":{"rendered":"<p><strong><\/strong>(Cheville, genoux)<\/p>\n<p><span style=\"text-decoration: underline;\">Description<\/span>:\u00a0 Distension ou rupture des ligaments apr\u00e8s une torsion.<\/p>\n<p><span style=\"text-decoration: underline;\">Premiers soins<\/span>: Gla\u00e7age imm\u00e9diat, bande de contention.<\/p>\n<p><span style=\"text-decoration: underline;\">Examens<\/span>\u00a0: Radio si suspicion de fracture.<\/p>\n<p><span style=\"text-decoration: underline;\">Repos<\/span>: Arr\u00eat de 10 \u00e0 30 jours selon la gravit\u00e9 de l&#8217;entorse.<\/p>\n","protected":false},"excerpt":{"rendered":"<p>(Cheville, genoux) Description:\u00a0 Distension ou rupture des ligaments apr\u00e8s une torsion. Premiers soins: Gla\u00e7age imm\u00e9diat, bande de contention. Examens\u00a0: Radio si suspicion de fracture. Repos: Arr\u00eat de 10 \u00e0 30 jours selon la gravit\u00e9 de l&#8217;entorse.<\/p>\n","protected":false},"author":12,"featured_media":0,"parent":896,"menu_order":0,"comment_status":"closed","ping_status":"open","template":"","meta":{"_s2mail":"","footnotes":""},"_links":{"self":[{"href":"https:\/\/www.ajpc-chaumont.fr\/index.php?rest_route=\/wp\/v2\/pages\/931"}],"collection":[{"href":"https:\/\/www.ajpc-chaumont.fr\/index.php?rest_route=\/wp\/v2\/pages"}],"about":[{"href":"https:\/\/www.ajpc-chaumont.fr\/index.php?rest_route=\/wp\/v2\/types\/page"}],"author":[{"embeddable":true,"href":"https:\/\/www.ajpc-chaumont.fr\/index.php?rest_route=\/wp\/v2\/users\/12"}],"replies":[{"embeddable":true,"href":"https:\/\/www.ajpc-chaumont.fr\/index.php?rest_route=%2Fwp%2Fv2%2Fcomments&post=931"}],"version-history":[{"count":2,"href":"https:\/\/www.ajpc-chaumont.fr\/index.php?rest_route=\/wp\/v2\/pages\/931\/revisions"}],"predecessor-version":[{"id":933,"href":"https:\/\/www.ajpc-chaumont.fr\/index.php?rest_route=\/wp\/v2\/pages\/931\/revisions\/933"}],"up":[{"embeddable":true,"href":"https:\/\/www.ajpc-chaumont.fr\/index.php?rest_route=\/wp\/v2\/pages\/896"}],"wp:attachment":[{"href":"https:\/\/www.ajpc-chaumont.fr\/index.php?rest_route=%2Fwp%2Fv2%2Fmedia&parent=931"}],"curies":[{"name":"wp","href":"https:\/\/api.w.org\/{rel}","templated":true}]}}